{"id":5254,"date":"2024-03-13T14:59:05","date_gmt":"2024-03-13T14:59:05","guid":{"rendered":"https:\/\/hobprojects.nl\/bullseye\/nos-marques\/biteswelove\/"},"modified":"2025-11-24T16:12:03","modified_gmt":"2025-11-24T16:12:03","slug":"biteswelove","status":"publish","type":"page","link":"https:\/\/www.bullseyedistribution.be\/fr\/nos-marques\/biteswelove\/","title":{"rendered":"BitesWeLove"},"content":{"rendered":"\t\t<div data-elementor-type=\"wp-page\" data-elementor-id=\"5254\" class=\"elementor elementor-5254 elementor-1614\" data-elementor-post-type=\"page\">\n\t\t\t\t<div class=\"elementor-element elementor-element-d3dbf17 e-con-full e-flex e-con e-parent\" data-id=\"d3dbf17\" data-element_type=\"container\" data-settings=\"{&quot;jet_parallax_layout_list&quot;:[]}\">\n\t\t<div class=\"elementor-element elementor-element-e986ede e-con-full e-flex e-con e-child\" data-id=\"e986ede\" data-element_type=\"container\" id=\"brand-intro-container\" data-settings=\"{&quot;background_background&quot;:&quot;classic&quot;,&quot;jet_parallax_layout_list&quot;:[]}\">\n\t\t\t\t<div class=\"elementor-element elementor-element-08bb001 elementor-widget elementor-widget-image\" data-id=\"08bb001\" data-element_type=\"widget\" data-widget_type=\"image.default\">\n\t\t\t\t<div class=\"elementor-widget-container\">\n\t\t\t<style>\/*! elementor - v3.22.0 - 17-06-2024 *\/\n.elementor-widget-image{text-align:center}.elementor-widget-image a{display:inline-block}.elementor-widget-image a img[src$=\".svg\"]{width:48px}.elementor-widget-image img{vertical-align:middle;display:inline-block}<\/style>\t\t\t\t\t\t\t\t\t\t<img fetchpriority=\"high\" decoding=\"async\" width=\"393\" height=\"287\" src=\"https:\/\/www.bullseyedistribution.be\/wp-content\/uploads\/2024\/04\/hp-logosbig-biteswelove.png\" class=\"attachment-large size-large wp-image-4472 has-transparency\" alt=\"\" srcset=\"https:\/\/www.bullseyedistribution.be\/wp-content\/uploads\/2024\/04\/hp-logosbig-biteswelove.png 393w, https:\/\/www.bullseyedistribution.be\/wp-content\/uploads\/2024\/04\/hp-logosbig-biteswelove-300x219.png 300w\" sizes=\"(max-width: 393px) 100vw, 393px\" data-has-transparency=\"true\" data-dominant-color=\"000000\" style=\"--dominant-color: #000000\" \/>\t\t\t\t\t\t\t\t\t\t\t\t\t<\/div>\n\t\t\t\t<\/div>\n\t\t\t\t<\/div>\n\t\t<div class=\"elementor-element elementor-element-9682ab1 e-con-full e-flex e-con e-child\" data-id=\"9682ab1\" data-element_type=\"container\" data-settings=\"{&quot;background_background&quot;:&quot;classic&quot;,&quot;jet_parallax_layout_list&quot;:[],&quot;motion_fx_motion_fx_scrolling&quot;:&quot;yes&quot;,&quot;motion_fx_devices&quot;:[&quot;desktop&quot;,&quot;tablet&quot;,&quot;mobile&quot;]}\">\n\t\t\t\t<\/div>\n\t\t\t\t<\/div>\n\t\t<div class=\"elementor-element elementor-element-66094ee e-con-full e-flex e-con e-parent\" data-id=\"66094ee\" data-element_type=\"container\" id=\"brands-marquee-wrapper\" data-settings=\"{&quot;background_background&quot;:&quot;classic&quot;,&quot;jet_parallax_layout_list&quot;:[]}\">\n\t\t\t\t<div class=\"elementor-element elementor-element-12a5d3c elementor-widget elementor-widget-html\" data-id=\"12a5d3c\" data-element_type=\"widget\" id=\"brands-marquee\" data-widget_type=\"html.default\">\n\t\t\t\t<div class=\"elementor-widget-container\">\n\t\t\t<div class=\"marquee\">\r\n  <span>Lib\u00e9rez-vous des snacks\u00a0\u00a0\u00a0\u00a0\u00a0\u00a0\u00a0\u00a0<\/span>\r\n  <span>Lib\u00e9rez-vous des snacks\u00a0\u00a0\u00a0\u00a0\u00a0\u00a0\u00a0\u00a0<\/span>\r\n  <span>Lib\u00e9rez-vous des snacks\u00a0\u00a0\u00a0\u00a0\u00a0\u00a0\u00a0\u00a0<\/span>\r\n  <span>Lib\u00e9rez-vous des snacks\u00a0\u00a0\u00a0\u00a0\u00a0\u00a0\u00a0\u00a0<\/span>\r\n<\/div>\t\t<\/div>\n\t\t\t\t<\/div>\n\t\t\t\t<\/div>\n\t\t<div class=\"elementor-element elementor-element-cfa67be e-con-full e-flex e-con e-parent\" data-id=\"cfa67be\" data-element_type=\"container\" data-settings=\"{&quot;jet_parallax_layout_list&quot;:[]}\">\n\t\t<div class=\"elementor-element elementor-element-abee925 e-con-full e-flex e-con e-child\" data-id=\"abee925\" data-element_type=\"container\" data-settings=\"{&quot;jet_parallax_layout_list&quot;:[]}\">\n\t\t<div class=\"elementor-element elementor-element-6672cbf e-flex e-con-boxed e-con e-child\" data-id=\"6672cbf\" data-element_type=\"container\" data-settings=\"{&quot;jet_parallax_layout_list&quot;:[]}\">\n\t\t\t\t\t<div class=\"e-con-inner\">\n\t\t\t\t<div class=\"elementor-element elementor-element-8e6df3a animated-fast lessbigtitle elementor-invisible elementor-widget elementor-widget-heading\" data-id=\"8e6df3a\" data-element_type=\"widget\" data-settings=\"{&quot;_animation&quot;:&quot;fadeInUp&quot;,&quot;_animation_delay&quot;:150}\" data-widget_type=\"heading.default\">\n\t\t\t\t<div class=\"elementor-widget-container\">\n\t\t\t<style>\/*! elementor - v3.22.0 - 17-06-2024 *\/\n.elementor-heading-title{padding:0;margin:0;line-height:1}.elementor-widget-heading .elementor-heading-title[class*=elementor-size-]>a{color:inherit;font-size:inherit;line-height:inherit}.elementor-widget-heading .elementor-heading-title.elementor-size-small{font-size:15px}.elementor-widget-heading .elementor-heading-title.elementor-size-medium{font-size:19px}.elementor-widget-heading .elementor-heading-title.elementor-size-large{font-size:29px}.elementor-widget-heading .elementor-heading-title.elementor-size-xl{font-size:39px}.elementor-widget-heading .elementor-heading-title.elementor-size-xxl{font-size:59px}<\/style><h2 class=\"elementor-heading-title elementor-size-default\">LIB\u00c9REZ-VOUS DES SNACKS<\/h2>\t\t<\/div>\n\t\t\t\t<\/div>\n\t\t\t\t<div class=\"elementor-element elementor-element-70beab0 normaltext animated-fast elementor-invisible elementor-widget elementor-widget-text-editor\" data-id=\"70beab0\" data-element_type=\"widget\" data-settings=\"{&quot;_animation&quot;:&quot;fadeInUp&quot;,&quot;_animation_delay&quot;:200}\" data-widget_type=\"text-editor.default\">\n\t\t\t\t<div class=\"elementor-widget-container\">\n\t\t\t<style>\/*! elementor - v3.22.0 - 17-06-2024 *\/\n.elementor-widget-text-editor.elementor-drop-cap-view-stacked .elementor-drop-cap{background-color:#69727d;color:#fff}.elementor-widget-text-editor.elementor-drop-cap-view-framed .elementor-drop-cap{color:#69727d;border:3px solid;background-color:transparent}.elementor-widget-text-editor:not(.elementor-drop-cap-view-default) .elementor-drop-cap{margin-top:8px}.elementor-widget-text-editor:not(.elementor-drop-cap-view-default) .elementor-drop-cap-letter{width:1em;height:1em}.elementor-widget-text-editor .elementor-drop-cap{float:left;text-align:center;line-height:1;font-size:50px}.elementor-widget-text-editor .elementor-drop-cap-letter{display:inline-block}<\/style>\t\t\t\t<p>Notre objectif est simple : vous aider \u00e0 grignoter de mani\u00e8re plus saine des bouch\u00e9es savoureuses qui vous font vous sentir bien. C&rsquo;est ainsi que nous \u2013 bouch\u00e9e par bouch\u00e9e \u2013 r\u00e9volutionnons le monde des collations.<\/p>\n<p>En tant que v\u00e9ritables gourmets, nous prenons vos envies de snacks au s\u00e9rieux. C&rsquo;est pourquoi nous combinons dans une m\u00eame bouch\u00e9e : saveurs, croquant parfait et une bonne dose de \u00ab\u00a0j&rsquo;en veux encore !\u00a0\u00bb. Nous utilisons uniquement les meilleurs ingr\u00e9dients d&rsquo;origine v\u00e9g\u00e9tale, tels que les noix, les pois et les haricots. Et nous gardons toujours les graisses, le sucre et le sel sous contr\u00f4le.<\/p>\n<p>Ainsi, d\u00e8s que vous avez des envies de snacks, vous pouvez grignoter sans souci et sans vous sentir coupable. Parce que vous savez que vous donnez quelque chose de bon \u00e0 votre corps tout en offrant \u00e0 vos papilles quelque chose de sp\u00e9cial. Gagnant-gagnant.<\/p>\n\t\t\t\t\t\t<\/div>\n\t\t\t\t<\/div>\n\t\t\t\t<div class=\"elementor-element elementor-element-2e96d09 hover-container4 elementor-tablet-align-left animated-fast elementor-invisible elementor-widget elementor-widget-button\" data-id=\"2e96d09\" data-element_type=\"widget\" id=\"brands-single-cta\" data-settings=\"{&quot;_animation&quot;:&quot;fadeIn&quot;,&quot;_animation_delay&quot;:200}\" data-widget_type=\"button.default\">\n\t\t\t\t<div class=\"elementor-widget-container\">\n\t\t\t\t\t<div class=\"elementor-button-wrapper\">\n\t\t\t<a class=\"elementor-button elementor-button-link elementor-size-sm\" href=\"https:\/\/www.bullseyedistribution.be\/fr\/contact\/\">\n\t\t\t\t\t\t<span class=\"elementor-button-content-wrapper\">\n\t\t\t\t\t\t\t\t\t<span class=\"elementor-button-text\">Nos marques \u00e0 votre \u00e9v\u00e9nement, bar ou magasin ? Contactez-nous maintenant<\/span>\n\t\t\t\t\t<\/span>\n\t\t\t\t\t<\/a>\n\t\t<\/div>\n\t\t\t\t<\/div>\n\t\t\t\t<\/div>\n\t\t\t\t\t<\/div>\n\t\t\t\t<\/div>\n\t\t\t\t<\/div>\n\t\t<div class=\"elementor-element elementor-element-57bfda3 e-con-full e-flex e-con e-child\" data-id=\"57bfda3\" data-element_type=\"container\" data-settings=\"{&quot;jet_parallax_layout_list&quot;:[],&quot;background_background&quot;:&quot;classic&quot;}\">\n\t\t\t\t<div class=\"elementor-element elementor-element-4e3f124 elementor-widget elementor-widget-image\" data-id=\"4e3f124\" data-element_type=\"widget\" data-widget_type=\"image.default\">\n\t\t\t\t<div class=\"elementor-widget-container\">\n\t\t\t\t\t\t\t\t\t\t\t\t\t<img decoding=\"async\" src=\"https:\/\/www.bullseyedistribution.be\/wp-content\/uploads\/elementor\/thumbs\/spacer-qmqztunwcemxv6ozc3174o76hu2egl7lje8hmdx5w0.png\" title=\"spacer\" alt=\"spacer\" loading=\"lazy\" \/>\t\t\t\t\t\t\t\t\t\t\t\t\t<\/div>\n\t\t\t\t<\/div>\n\t\t\t\t<\/div>\n\t\t\t\t<\/div>\n\t\t<div class=\"elementor-element elementor-element-a12b2c0 e-con-full e-flex e-con e-parent\" data-id=\"a12b2c0\" data-element_type=\"container\" data-settings=\"{&quot;jet_parallax_layout_list&quot;:[]}\">\n\t\t<div class=\"elementor-element elementor-element-ce555e5 e-con-full e-flex e-con e-child\" data-id=\"ce555e5\" data-element_type=\"container\" data-settings=\"{&quot;jet_parallax_layout_list&quot;:[]}\">\n\t\t\t\t<div class=\"elementor-element elementor-element-29542f7 elementor-widget elementor-widget-image\" data-id=\"29542f7\" data-element_type=\"widget\" data-widget_type=\"image.default\">\n\t\t\t\t<div class=\"elementor-widget-container\">\n\t\t\t\t\t\t\t\t\t\t\t\t\t<img decoding=\"async\" src=\"https:\/\/www.bullseyedistribution.be\/wp-content\/uploads\/elementor\/thumbs\/BWL-100G-Crunchy-Peas-04-jpg-qmqzo041tikfs5to59axhpzvw53dgu2zoi4e0khgfk.webp\" title=\"BWL-100G-Crunchy-Peas-04\" alt=\"BWL-100G-Crunchy-Peas-04\" loading=\"lazy\" \/>\t\t\t\t\t\t\t\t\t\t\t\t\t<\/div>\n\t\t\t\t<\/div>\n\t\t\t\t<\/div>\n\t\t<div class=\"elementor-element elementor-element-5c67df3 e-con-full e-flex e-con e-child\" data-id=\"5c67df3\" data-element_type=\"container\" data-settings=\"{&quot;jet_parallax_layout_list&quot;:[]}\">\n\t\t\t\t<div class=\"elementor-element elementor-element-fb2972b elementor-widget elementor-widget-image\" data-id=\"fb2972b\" data-element_type=\"widget\" data-widget_type=\"image.default\">\n\t\t\t\t<div class=\"elementor-widget-container\">\n\t\t\t\t\t\t\t\t\t\t\t\t\t<img decoding=\"async\" src=\"https:\/\/www.bullseyedistribution.be\/wp-content\/uploads\/elementor\/thumbs\/BWL-CAMPAIGN-crunchy-peas-02-scaled-qmqzoxy8njure4ginnxhzhgha0gl5xtbt5lvaj3a7k.webp\" title=\"BWL-CAMPAIGN-crunchy-peas-02\" alt=\"BWL-CAMPAIGN-crunchy-peas-02\" loading=\"lazy\" \/>\t\t\t\t\t\t\t\t\t\t\t\t\t<\/div>\n\t\t\t\t<\/div>\n\t\t\t\t<\/div>\n\t\t<div class=\"elementor-element elementor-element-01452cb e-con-full e-flex e-con e-child\" data-id=\"01452cb\" data-element_type=\"container\" data-settings=\"{&quot;jet_parallax_layout_list&quot;:[]}\">\n\t\t\t\t<div class=\"elementor-element elementor-element-a7ac39f elementor-widget elementor-widget-image\" data-id=\"a7ac39f\" data-element_type=\"widget\" data-widget_type=\"image.default\">\n\t\t\t\t<div class=\"elementor-widget-container\">\n\t\t\t\t\t\t\t\t\t\t\t\t\t<img decoding=\"async\" src=\"https:\/\/www.bullseyedistribution.be\/wp-content\/uploads\/elementor\/thumbs\/BWL-75G-Flip-its-Paprika-Salt-_-Pepper-01-scaled-qmqzo9ifpuxb09g0mdd76nmhtzt1lt4b1sn8tc3ipc.webp\" title=\"Processed with VSCO with a6 preset\" alt=\"Processed with VSCO with a6 preset\" loading=\"lazy\" \/>\t\t\t\t\t\t\t\t\t\t\t\t\t<\/div>\n\t\t\t\t<\/div>\n\t\t\t\t<\/div>\n\t\t<div class=\"elementor-element elementor-element-ff820ec e-con-full e-flex e-con e-child\" data-id=\"ff820ec\" data-element_type=\"container\" data-settings=\"{&quot;jet_parallax_layout_list&quot;:[]}\">\n\t\t\t\t<div class=\"elementor-element elementor-element-7e7473c elementor-widget elementor-widget-image\" data-id=\"7e7473c\" data-element_type=\"widget\" data-widget_type=\"image.default\">\n\t\t\t\t<div class=\"elementor-widget-container\">\n\t\t\t\t\t\t\t\t\t\t\t\t\t<img decoding=\"async\" src=\"https:\/\/www.bullseyedistribution.be\/wp-content\/uploads\/elementor\/thumbs\/BWL-100G-Crunchy-Corn-Cool-_-Creamy-Sweet-Chilli-jpg-qmqzngdftztf0cmccirrjcz7f1snz6wmlsf6xraq28.webp\" title=\"BWL-100G-Crunchy-Corn-Cool-_-Creamy-Sweet-Chilli\" alt=\"BWL-100G-Crunchy-Corn-Cool-_-Creamy-Sweet-Chilli\" loading=\"lazy\" \/>\t\t\t\t\t\t\t\t\t\t\t\t\t<\/div>\n\t\t\t\t<\/div>\n\t\t\t\t<\/div>\n\t\t\t\t<\/div>\n\t\t<div class=\"elementor-element elementor-element-d9dc9ab e-con-full e-flex e-con e-parent\" data-id=\"d9dc9ab\" data-element_type=\"container\" data-settings=\"{&quot;jet_parallax_layout_list&quot;:[]}\">\n\t\t<div class=\"elementor-element elementor-element-6b0bb7c e-con-full e-flex e-con e-child\" data-id=\"6b0bb7c\" data-element_type=\"container\" data-settings=\"{&quot;jet_parallax_layout_list&quot;:[]}\">\n\t\t\t\t<div class=\"elementor-element elementor-element-eac6ca9 elementor-widget elementor-widget-image\" data-id=\"eac6ca9\" data-element_type=\"widget\" data-widget_type=\"image.default\">\n\t\t\t\t<div class=\"elementor-widget-container\">\n\t\t\t\t\t\t\t\t\t\t\t\t\t<img decoding=\"async\" src=\"https:\/\/www.bullseyedistribution.be\/wp-content\/uploads\/elementor\/thumbs\/BWL-100G-Crunchy-Corn-Cool-_-Creamy-03-scaled-qmqzndk3crlg965yj95w9ukla7fwjbramff953p4k8.webp\" title=\"BWL-100G-Crunchy-Corn-Cool-_-Creamy-03\" alt=\"BWL-100G-Crunchy-Corn-Cool-_-Creamy-03\" loading=\"lazy\" \/>\t\t\t\t\t\t\t\t\t\t\t\t\t<\/div>\n\t\t\t\t<\/div>\n\t\t\t\t<\/div>\n\t\t<div class=\"elementor-element elementor-element-50bf4fe e-con-full e-flex e-con e-child\" data-id=\"50bf4fe\" data-element_type=\"container\" data-settings=\"{&quot;jet_parallax_layout_list&quot;:[]}\">\n\t\t\t\t<div class=\"elementor-element elementor-element-d50402c elementor-widget elementor-widget-image\" data-id=\"d50402c\" data-element_type=\"widget\" data-widget_type=\"image.default\">\n\t\t\t\t<div class=\"elementor-widget-container\">\n\t\t\t\t\t\t\t\t\t\t\t\t\t<img decoding=\"async\" src=\"https:\/\/www.bullseyedistribution.be\/wp-content\/uploads\/elementor\/thumbs\/BWL-CAMPAIGN-crunchy-corn-04-jpg-qmqzook0uhdsdo9owth8qipmzh0986xvgw1j4xrfx4.webp\" title=\"BWL-CAMPAIGN-crunchy-corn-04\" alt=\"BWL-CAMPAIGN-crunchy-corn-04\" loading=\"lazy\" \/>\t\t\t\t\t\t\t\t\t\t\t\t\t<\/div>\n\t\t\t\t<\/div>\n\t\t\t\t<\/div>\n\t\t\t\t<\/div>\n\t\t\t\t<\/div>\n\t\t","protected":false},"excerpt":{"rendered":"<p>Lib\u00e9rez-vous des snacks\u00a0\u00a0\u00a0\u00a0\u00a0\u00a0\u00a0\u00a0 Lib\u00e9rez-vous des snacks\u00a0\u00a0\u00a0\u00a0\u00a0\u00a0\u00a0\u00a0 Lib\u00e9rez-vous des snacks\u00a0\u00a0\u00a0\u00a0\u00a0\u00a0\u00a0\u00a0 Lib\u00e9rez-vous des snacks\u00a0\u00a0\u00a0\u00a0\u00a0\u00a0\u00a0\u00a0 LIB\u00c9REZ-VOUS DES SNACKS Notre objectif est simple : vous aider \u00e0 grignoter de mani\u00e8re plus saine des bouch\u00e9es savoureuses qui vous font vous sentir bien. C&rsquo;est ainsi que nous \u2013 bouch\u00e9e par bouch\u00e9e \u2013 r\u00e9volutionnons le monde des collations. En tant que v\u00e9ritables [&hellip;]<\/p>\n","protected":false},"author":1,"featured_media":0,"parent":5245,"menu_order":0,"comment_status":"closed","ping_status":"closed","template":"elementor_header_footer","meta":{"footnotes":""},"class_list":["post-5254","page","type-page","status-publish","hentry"],"yoast_head":"<!-- This site is optimized with the Yoast SEO plugin v27.0 - https:\/\/yoast.com\/product\/yoast-seo-wordpress\/ -->\n<title>BitesWeLove - Bullseye Distribution<\/title>\n<meta name=\"description\" content=\"Savourez BitesWeLove : snacks \u00e0 base de plantes, gourmands et sans culpabilit\u00e9. Chaque bouch\u00e9e \u00e9quilibr\u00e9e vous procure bien-\u00eatre et plaisir..\" \/>\n<meta name=\"robots\" content=\"index, follow, max-snippet:-1, max-image-preview:large, max-video-preview:-1\" \/>\n<link rel=\"canonical\" href=\"https:\/\/www.bullseyedistribution.be\/brands\/biteswelove\/\" \/>\n<meta property=\"og:locale\" content=\"fr_FR\" \/>\n<meta property=\"og:type\" content=\"article\" \/>\n<meta property=\"og:title\" content=\"BitesWeLove - Bullseye Distribution\" \/>\n<meta property=\"og:description\" content=\"Savourez BitesWeLove : snacks \u00e0 base de plantes, gourmands et sans culpabilit\u00e9. Chaque bouch\u00e9e \u00e9quilibr\u00e9e vous procure bien-\u00eatre et plaisir..\" \/>\n<meta property=\"og:url\" content=\"https:\/\/www.bullseyedistribution.be\/brands\/biteswelove\/\" \/>\n<meta property=\"og:site_name\" content=\"Bullseye Distribution\" \/>\n<meta property=\"article:modified_time\" content=\"2025-11-24T16:12:03+00:00\" \/>\n<meta property=\"og:image\" content=\"https:\/\/www.bullseyedistribution.be\/wp-content\/uploads\/2024\/04\/hp-logosbig-biteswelove.png\" \/>\n\t<meta property=\"og:image:width\" content=\"393\" \/>\n\t<meta property=\"og:image:height\" content=\"287\" \/>\n\t<meta property=\"og:image:type\" content=\"image\/png\" \/>\n<meta name=\"twitter:card\" content=\"summary_large_image\" \/>\n<meta name=\"twitter:label1\" content=\"Dur\u00e9e de lecture estim\u00e9e\" \/>\n\t<meta name=\"twitter:data1\" content=\"3 minutes\" \/>\n<script type=\"application\/ld+json\" class=\"yoast-schema-graph\">{\"@context\":\"https:\/\/schema.org\",\"@graph\":[{\"@type\":\"WebPage\",\"@id\":\"https:\/\/www.bullseyedistribution.be\/brands\/biteswelove\/\",\"url\":\"https:\/\/www.bullseyedistribution.be\/brands\/biteswelove\/\",\"name\":\"BitesWeLove - Bullseye Distribution\",\"isPartOf\":{\"@id\":\"https:\/\/www.bullseyedistribution.be\/#website\"},\"primaryImageOfPage\":{\"@id\":\"https:\/\/www.bullseyedistribution.be\/brands\/biteswelove\/#primaryimage\"},\"image\":{\"@id\":\"https:\/\/www.bullseyedistribution.be\/brands\/biteswelove\/#primaryimage\"},\"thumbnailUrl\":\"https:\/\/www.bullseyedistribution.be\/wp-content\/uploads\/2024\/04\/hp-logosbig-biteswelove.png\",\"datePublished\":\"2024-03-13T14:59:05+00:00\",\"dateModified\":\"2025-11-24T16:12:03+00:00\",\"description\":\"Savourez BitesWeLove : snacks \u00e0 base de plantes, gourmands et sans culpabilit\u00e9. Chaque bouch\u00e9e \u00e9quilibr\u00e9e vous procure bien-\u00eatre et plaisir..\",\"breadcrumb\":{\"@id\":\"https:\/\/www.bullseyedistribution.be\/brands\/biteswelove\/#breadcrumb\"},\"inLanguage\":\"fr-FR\",\"potentialAction\":[{\"@type\":\"ReadAction\",\"target\":[\"https:\/\/www.bullseyedistribution.be\/brands\/biteswelove\/\"]}]},{\"@type\":\"ImageObject\",\"inLanguage\":\"fr-FR\",\"@id\":\"https:\/\/www.bullseyedistribution.be\/brands\/biteswelove\/#primaryimage\",\"url\":\"https:\/\/www.bullseyedistribution.be\/wp-content\/uploads\/2024\/04\/hp-logosbig-biteswelove.png\",\"contentUrl\":\"https:\/\/www.bullseyedistribution.be\/wp-content\/uploads\/2024\/04\/hp-logosbig-biteswelove.png\"},{\"@type\":\"BreadcrumbList\",\"@id\":\"https:\/\/www.bullseyedistribution.be\/brands\/biteswelove\/#breadcrumb\",\"itemListElement\":[{\"@type\":\"ListItem\",\"position\":1,\"name\":\"Home\",\"item\":\"https:\/\/www.bullseyedistribution.be\/\"},{\"@type\":\"ListItem\",\"position\":2,\"name\":\"Marques\",\"item\":\"https:\/\/www.bullseyedistribution.be\/brands\/\"},{\"@type\":\"ListItem\",\"position\":3,\"name\":\"BitesWeLove\"}]},{\"@type\":\"WebSite\",\"@id\":\"https:\/\/www.bullseyedistribution.be\/#website\",\"url\":\"https:\/\/www.bullseyedistribution.be\/\",\"name\":\"Bullseye Distribution\",\"description\":\"\",\"potentialAction\":[{\"@type\":\"SearchAction\",\"target\":{\"@type\":\"EntryPoint\",\"urlTemplate\":\"https:\/\/www.bullseyedistribution.be\/?s={search_term_string}\"},\"query-input\":{\"@type\":\"PropertyValueSpecification\",\"valueRequired\":true,\"valueName\":\"search_term_string\"}}],\"inLanguage\":\"fr-FR\"}]}<\/script>\n<!-- \/ Yoast SEO plugin. -->","yoast_head_json":{"title":"BitesWeLove - Bullseye Distribution","description":"Savourez BitesWeLove : snacks \u00e0 base de plantes, gourmands et sans culpabilit\u00e9. Chaque bouch\u00e9e \u00e9quilibr\u00e9e vous procure bien-\u00eatre et plaisir..","robots":{"index":"index","follow":"follow","max-snippet":"max-snippet:-1","max-image-preview":"max-image-preview:large","max-video-preview":"max-video-preview:-1"},"canonical":"https:\/\/www.bullseyedistribution.be\/brands\/biteswelove\/","og_locale":"fr_FR","og_type":"article","og_title":"BitesWeLove - Bullseye Distribution","og_description":"Savourez BitesWeLove : snacks \u00e0 base de plantes, gourmands et sans culpabilit\u00e9. Chaque bouch\u00e9e \u00e9quilibr\u00e9e vous procure bien-\u00eatre et plaisir..","og_url":"https:\/\/www.bullseyedistribution.be\/brands\/biteswelove\/","og_site_name":"Bullseye Distribution","article_modified_time":"2025-11-24T16:12:03+00:00","og_image":[{"width":393,"height":287,"url":"https:\/\/www.bullseyedistribution.be\/wp-content\/uploads\/2024\/04\/hp-logosbig-biteswelove.png","type":"image\/png"}],"twitter_card":"summary_large_image","twitter_misc":{"Dur\u00e9e de lecture estim\u00e9e":"3 minutes"},"schema":{"@context":"https:\/\/schema.org","@graph":[{"@type":"WebPage","@id":"https:\/\/www.bullseyedistribution.be\/brands\/biteswelove\/","url":"https:\/\/www.bullseyedistribution.be\/brands\/biteswelove\/","name":"BitesWeLove - Bullseye Distribution","isPartOf":{"@id":"https:\/\/www.bullseyedistribution.be\/#website"},"primaryImageOfPage":{"@id":"https:\/\/www.bullseyedistribution.be\/brands\/biteswelove\/#primaryimage"},"image":{"@id":"https:\/\/www.bullseyedistribution.be\/brands\/biteswelove\/#primaryimage"},"thumbnailUrl":"https:\/\/www.bullseyedistribution.be\/wp-content\/uploads\/2024\/04\/hp-logosbig-biteswelove.png","datePublished":"2024-03-13T14:59:05+00:00","dateModified":"2025-11-24T16:12:03+00:00","description":"Savourez BitesWeLove : snacks \u00e0 base de plantes, gourmands et sans culpabilit\u00e9. Chaque bouch\u00e9e \u00e9quilibr\u00e9e vous procure bien-\u00eatre et plaisir..","breadcrumb":{"@id":"https:\/\/www.bullseyedistribution.be\/brands\/biteswelove\/#breadcrumb"},"inLanguage":"fr-FR","potentialAction":[{"@type":"ReadAction","target":["https:\/\/www.bullseyedistribution.be\/brands\/biteswelove\/"]}]},{"@type":"ImageObject","inLanguage":"fr-FR","@id":"https:\/\/www.bullseyedistribution.be\/brands\/biteswelove\/#primaryimage","url":"https:\/\/www.bullseyedistribution.be\/wp-content\/uploads\/2024\/04\/hp-logosbig-biteswelove.png","contentUrl":"https:\/\/www.bullseyedistribution.be\/wp-content\/uploads\/2024\/04\/hp-logosbig-biteswelove.png"},{"@type":"BreadcrumbList","@id":"https:\/\/www.bullseyedistribution.be\/brands\/biteswelove\/#breadcrumb","itemListElement":[{"@type":"ListItem","position":1,"name":"Home","item":"https:\/\/www.bullseyedistribution.be\/"},{"@type":"ListItem","position":2,"name":"Marques","item":"https:\/\/www.bullseyedistribution.be\/brands\/"},{"@type":"ListItem","position":3,"name":"BitesWeLove"}]},{"@type":"WebSite","@id":"https:\/\/www.bullseyedistribution.be\/#website","url":"https:\/\/www.bullseyedistribution.be\/","name":"Bullseye Distribution","description":"","potentialAction":[{"@type":"SearchAction","target":{"@type":"EntryPoint","urlTemplate":"https:\/\/www.bullseyedistribution.be\/?s={search_term_string}"},"query-input":{"@type":"PropertyValueSpecification","valueRequired":true,"valueName":"search_term_string"}}],"inLanguage":"fr-FR"}]}},"_links":{"self":[{"href":"https:\/\/www.bullseyedistribution.be\/fr\/wp-json\/wp\/v2\/pages\/5254","targetHints":{"allow":["GET"]}}],"collection":[{"href":"https:\/\/www.bullseyedistribution.be\/fr\/wp-json\/wp\/v2\/pages"}],"about":[{"href":"https:\/\/www.bullseyedistribution.be\/fr\/wp-json\/wp\/v2\/types\/page"}],"author":[{"embeddable":true,"href":"https:\/\/www.bullseyedistribution.be\/fr\/wp-json\/wp\/v2\/users\/1"}],"replies":[{"embeddable":true,"href":"https:\/\/www.bullseyedistribution.be\/fr\/wp-json\/wp\/v2\/comments?post=5254"}],"version-history":[{"count":3,"href":"https:\/\/www.bullseyedistribution.be\/fr\/wp-json\/wp\/v2\/pages\/5254\/revisions"}],"predecessor-version":[{"id":8155,"href":"https:\/\/www.bullseyedistribution.be\/fr\/wp-json\/wp\/v2\/pages\/5254\/revisions\/8155"}],"up":[{"embeddable":true,"href":"https:\/\/www.bullseyedistribution.be\/fr\/wp-json\/wp\/v2\/pages\/5245"}],"wp:attachment":[{"href":"https:\/\/www.bullseyedistribution.be\/fr\/wp-json\/wp\/v2\/media?parent=5254"}],"curies":[{"name":"wp","href":"https:\/\/api.w.org\/{rel}","templated":true}]}}