{"id":5273,"date":"2024-03-13T14:59:24","date_gmt":"2024-03-13T14:59:24","guid":{"rendered":"https:\/\/hobprojects.nl\/bullseye\/nos-marques\/punchy\/"},"modified":"2025-12-01T14:06:36","modified_gmt":"2025-12-01T14:06:36","slug":"punchy","status":"publish","type":"page","link":"https:\/\/www.bullseyedistribution.be\/fr\/nos-marques\/punchy\/","title":{"rendered":"Punchy"},"content":{"rendered":"\t\t<div data-elementor-type=\"wp-page\" data-elementor-id=\"5273\" class=\"elementor elementor-5273 elementor-1616\" data-elementor-post-type=\"page\">\n\t\t\t\t<div class=\"elementor-element elementor-element-d3dbf17 e-con-full e-flex e-con e-parent\" data-id=\"d3dbf17\" data-element_type=\"container\" data-settings=\"{&quot;jet_parallax_layout_list&quot;:[]}\">\n\t\t<div class=\"elementor-element elementor-element-e986ede e-con-full e-flex e-con e-child\" data-id=\"e986ede\" data-element_type=\"container\" id=\"brand-intro-container\" data-settings=\"{&quot;background_background&quot;:&quot;classic&quot;,&quot;jet_parallax_layout_list&quot;:[]}\">\n\t\t\t\t<div class=\"elementor-element elementor-element-08bb001 elementor-widget elementor-widget-image\" data-id=\"08bb001\" data-element_type=\"widget\" data-widget_type=\"image.default\">\n\t\t\t\t<div class=\"elementor-widget-container\">\n\t\t\t<style>\/*! elementor - v3.22.0 - 17-06-2024 *\/\n.elementor-widget-image{text-align:center}.elementor-widget-image a{display:inline-block}.elementor-widget-image a img[src$=\".svg\"]{width:48px}.elementor-widget-image img{vertical-align:middle;display:inline-block}<\/style>\t\t\t\t\t\t\t\t\t\t<img fetchpriority=\"high\" decoding=\"async\" width=\"393\" height=\"287\" src=\"https:\/\/www.bullseyedistribution.be\/wp-content\/uploads\/2024\/04\/hp-logosbig-punchy.png\" class=\"attachment-large size-large wp-image-4476 has-transparency\" alt=\"\" srcset=\"https:\/\/www.bullseyedistribution.be\/wp-content\/uploads\/2024\/04\/hp-logosbig-punchy.png 393w, https:\/\/www.bullseyedistribution.be\/wp-content\/uploads\/2024\/04\/hp-logosbig-punchy-300x219.png 300w\" sizes=\"(max-width: 393px) 100vw, 393px\" data-has-transparency=\"true\" data-dominant-color=\"001932\" style=\"--dominant-color: #001932\" \/>\t\t\t\t\t\t\t\t\t\t\t\t\t<\/div>\n\t\t\t\t<\/div>\n\t\t\t\t<\/div>\n\t\t<div class=\"elementor-element elementor-element-9682ab1 e-con-full e-flex e-con e-child\" data-id=\"9682ab1\" data-element_type=\"container\" data-settings=\"{&quot;background_background&quot;:&quot;classic&quot;,&quot;jet_parallax_layout_list&quot;:[],&quot;motion_fx_motion_fx_scrolling&quot;:&quot;yes&quot;,&quot;motion_fx_devices&quot;:[&quot;desktop&quot;,&quot;tablet&quot;,&quot;mobile&quot;]}\">\n\t\t\t\t<\/div>\n\t\t\t\t<\/div>\n\t\t<div class=\"elementor-element elementor-element-66094ee e-con-full e-flex e-con e-parent\" data-id=\"66094ee\" data-element_type=\"container\" id=\"brands-marquee-wrapper\" data-settings=\"{&quot;background_background&quot;:&quot;classic&quot;,&quot;jet_parallax_layout_list&quot;:[]}\">\n\t\t\t\t<div class=\"elementor-element elementor-element-12a5d3c elementor-widget elementor-widget-html\" data-id=\"12a5d3c\" data-element_type=\"widget\" id=\"brands-marquee\" data-widget_type=\"html.default\">\n\t\t\t\t<div class=\"elementor-widget-container\">\n\t\t\t<div class=\"marquee\">\r\n  <span>Du soleil en bouteille\u00a0\u00a0\u00a0\u00a0\u00a0\u00a0\u00a0\u00a0<\/span>\r\n  <span>Du soleil en bouteille\u00a0\u00a0\u00a0\u00a0\u00a0\u00a0\u00a0\u00a0<\/span>\r\n  <span>Du soleil en bouteille\u00a0\u00a0\u00a0\u00a0\u00a0\u00a0\u00a0\u00a0<\/span>\r\n  <span>Du soleil en bouteille\u00a0\u00a0\u00a0\u00a0\u00a0\u00a0\u00a0\u00a0<\/span>\r\n<\/div>\t\t<\/div>\n\t\t\t\t<\/div>\n\t\t\t\t<\/div>\n\t\t<div class=\"elementor-element elementor-element-cfa67be e-con-full e-flex e-con e-parent\" data-id=\"cfa67be\" data-element_type=\"container\" data-settings=\"{&quot;jet_parallax_layout_list&quot;:[]}\">\n\t\t<div class=\"elementor-element elementor-element-abee925 e-con-full e-flex e-con e-child\" data-id=\"abee925\" data-element_type=\"container\" data-settings=\"{&quot;jet_parallax_layout_list&quot;:[]}\">\n\t\t<div class=\"elementor-element elementor-element-6672cbf e-flex e-con-boxed e-con e-child\" data-id=\"6672cbf\" data-element_type=\"container\" data-settings=\"{&quot;jet_parallax_layout_list&quot;:[]}\">\n\t\t\t\t\t<div class=\"e-con-inner\">\n\t\t\t\t<div class=\"elementor-element elementor-element-8e6df3a animated-fast lessbigtitle elementor-invisible elementor-widget elementor-widget-heading\" data-id=\"8e6df3a\" data-element_type=\"widget\" data-settings=\"{&quot;_animation&quot;:&quot;fadeInUp&quot;,&quot;_animation_delay&quot;:150}\" data-widget_type=\"heading.default\">\n\t\t\t\t<div class=\"elementor-widget-container\">\n\t\t\t<style>\/*! elementor - v3.22.0 - 17-06-2024 *\/\n.elementor-heading-title{padding:0;margin:0;line-height:1}.elementor-widget-heading .elementor-heading-title[class*=elementor-size-]>a{color:inherit;font-size:inherit;line-height:inherit}.elementor-widget-heading .elementor-heading-title.elementor-size-small{font-size:15px}.elementor-widget-heading .elementor-heading-title.elementor-size-medium{font-size:19px}.elementor-widget-heading .elementor-heading-title.elementor-size-large{font-size:29px}.elementor-widget-heading .elementor-heading-title.elementor-size-xl{font-size:39px}.elementor-widget-heading .elementor-heading-title.elementor-size-xxl{font-size:59px}<\/style><h2 class=\"elementor-heading-title elementor-size-default\">DU SOLEIL EN BOUTEILLE<\/h2>\t\t<\/div>\n\t\t\t\t<\/div>\n\t\t\t\t<div class=\"elementor-element elementor-element-70beab0 normaltext animated-fast elementor-invisible elementor-widget elementor-widget-text-editor\" data-id=\"70beab0\" data-element_type=\"widget\" data-settings=\"{&quot;_animation&quot;:&quot;fadeInUp&quot;,&quot;_animation_delay&quot;:200}\" data-widget_type=\"text-editor.default\">\n\t\t\t\t<div class=\"elementor-widget-container\">\n\t\t\t<style>\/*! elementor - v3.22.0 - 17-06-2024 *\/\n.elementor-widget-text-editor.elementor-drop-cap-view-stacked .elementor-drop-cap{background-color:#69727d;color:#fff}.elementor-widget-text-editor.elementor-drop-cap-view-framed .elementor-drop-cap{color:#69727d;border:3px solid;background-color:transparent}.elementor-widget-text-editor:not(.elementor-drop-cap-view-default) .elementor-drop-cap{margin-top:8px}.elementor-widget-text-editor:not(.elementor-drop-cap-view-default) .elementor-drop-cap-letter{width:1em;height:1em}.elementor-widget-text-editor .elementor-drop-cap{float:left;text-align:center;line-height:1;font-size:50px}.elementor-widget-text-editor .elementor-drop-cap-letter{display:inline-block}<\/style>\t\t\t\t<p>Nous voyons les boissons diff\u00e9remment. C&rsquo;est une question de go\u00fbt \u2013 et un bon go\u00fbt signifie que nous ne faisons pas de compromis.<\/p>\n<p>Nos boissons, faibles en sucre et en calories sont toutes abouties, avec un petit truc en plus pour soutenir votre syst\u00e8me immunitaire. Toutes nos canettes Punchy z\u00e9ro plastique contiennent 50% de votre apport quotidien en vitamine D, et toutes nos saveurs s&rsquo;accordent parfaitement \u00e0 une alimentation \u00e9quilibr\u00e9e.<\/p>\n<p>Le soleil ne se couche jamais sur nos ingr\u00e9dients 100% naturels, soigneusement s\u00e9lectionn\u00e9s aux quatre coins du monde et mix\u00e9s pour proposer des saveurs uniques et rafra\u00eechissantes. Nos boissons sont id\u00e9ales lorsque vous profitez d&rsquo;un bain de soleil, \u00e0 consommer entre amis et ceux que vous aimez.<\/p>\n\t\t\t\t\t\t<\/div>\n\t\t\t\t<\/div>\n\t\t\t\t<div class=\"elementor-element elementor-element-b27aadc hover-container4 animated-fast elementor-invisible elementor-widget elementor-widget-button\" data-id=\"b27aadc\" data-element_type=\"widget\" id=\"brands-single-cta\" data-settings=\"{&quot;_animation&quot;:&quot;fadeIn&quot;,&quot;_animation_delay&quot;:200}\" data-widget_type=\"button.default\">\n\t\t\t\t<div class=\"elementor-widget-container\">\n\t\t\t\t\t<div class=\"elementor-button-wrapper\">\n\t\t\t<a class=\"elementor-button elementor-button-link elementor-size-sm\" href=\"https:\/\/www.bullseyedistribution.be\/fr\/contact\/\">\n\t\t\t\t\t\t<span class=\"elementor-button-content-wrapper\">\n\t\t\t\t\t\t\t\t\t<span class=\"elementor-button-text\">Nos marques \u00e0 votre \u00e9v\u00e9nement, bar ou magasin ? Contactez-nous maintenant<\/span>\n\t\t\t\t\t<\/span>\n\t\t\t\t\t<\/a>\n\t\t<\/div>\n\t\t\t\t<\/div>\n\t\t\t\t<\/div>\n\t\t\t\t\t<\/div>\n\t\t\t\t<\/div>\n\t\t\t\t<\/div>\n\t\t<div class=\"elementor-element elementor-element-57bfda3 e-con-full e-flex e-con e-child\" data-id=\"57bfda3\" data-element_type=\"container\" data-settings=\"{&quot;jet_parallax_layout_list&quot;:[],&quot;background_background&quot;:&quot;classic&quot;}\">\n\t\t\t\t<div class=\"elementor-element elementor-element-4e3f124 elementor-widget elementor-widget-image\" data-id=\"4e3f124\" data-element_type=\"widget\" data-widget_type=\"image.default\">\n\t\t\t\t<div class=\"elementor-widget-container\">\n\t\t\t\t\t\t\t\t\t\t\t\t\t<img decoding=\"async\" src=\"https:\/\/www.bullseyedistribution.be\/wp-content\/uploads\/elementor\/thumbs\/spacer-qmqztunwcemxv6ozc3174o76hu2egl7lje8hmdx5w0.png\" title=\"spacer\" alt=\"spacer\" loading=\"lazy\" \/>\t\t\t\t\t\t\t\t\t\t\t\t\t<\/div>\n\t\t\t\t<\/div>\n\t\t\t\t<\/div>\n\t\t\t\t<\/div>\n\t\t<div class=\"elementor-element elementor-element-a12b2c0 e-con-full e-flex e-con e-parent\" data-id=\"a12b2c0\" data-element_type=\"container\" data-settings=\"{&quot;jet_parallax_layout_list&quot;:[]}\">\n\t\t<div class=\"elementor-element elementor-element-ce555e5 e-con-full e-flex e-con e-child\" data-id=\"ce555e5\" data-element_type=\"container\" data-settings=\"{&quot;jet_parallax_layout_list&quot;:[]}\">\n\t\t\t\t<div class=\"elementor-element elementor-element-29542f7 elementor-widget elementor-widget-image\" data-id=\"29542f7\" data-element_type=\"widget\" data-widget_type=\"image.default\">\n\t\t\t\t<div class=\"elementor-widget-container\">\n\t\t\t\t\t\t\t\t\t\t\t\t\t<img decoding=\"async\" width=\"2160\" height=\"2160\" src=\"https:\/\/www.bullseyedistribution.be\/wp-content\/uploads\/2025\/12\/punchy_drinks_330ml_can_blueberry_dry_RGB.jpg\" class=\"attachment-full size-full wp-image-8382 not-transparent\" alt=\"\" srcset=\"https:\/\/www.bullseyedistribution.be\/wp-content\/uploads\/2025\/12\/punchy_drinks_330ml_can_blueberry_dry_RGB.jpg 2160w, https:\/\/www.bullseyedistribution.be\/wp-content\/uploads\/2025\/12\/punchy_drinks_330ml_can_blueberry_dry_RGB-300x300.jpg 300w, https:\/\/www.bullseyedistribution.be\/wp-content\/uploads\/2025\/12\/punchy_drinks_330ml_can_blueberry_dry_RGB-1024x1024.jpg 1024w, https:\/\/www.bullseyedistribution.be\/wp-content\/uploads\/2025\/12\/punchy_drinks_330ml_can_blueberry_dry_RGB-150x150.jpg 150w, https:\/\/www.bullseyedistribution.be\/wp-content\/uploads\/2025\/12\/punchy_drinks_330ml_can_blueberry_dry_RGB-768x768.jpg 768w, https:\/\/www.bullseyedistribution.be\/wp-content\/uploads\/2025\/12\/punchy_drinks_330ml_can_blueberry_dry_RGB-1536x1536.jpg 1536w, https:\/\/www.bullseyedistribution.be\/wp-content\/uploads\/2025\/12\/punchy_drinks_330ml_can_blueberry_dry_RGB-2048x2048.jpg 2048w, https:\/\/www.bullseyedistribution.be\/wp-content\/uploads\/2025\/12\/punchy_drinks_330ml_can_blueberry_dry_RGB-230x230.jpg 230w, https:\/\/www.bullseyedistribution.be\/wp-content\/uploads\/2025\/12\/punchy_drinks_330ml_can_blueberry_dry_RGB-400x400.jpg 400w, https:\/\/www.bullseyedistribution.be\/wp-content\/uploads\/2025\/12\/punchy_drinks_330ml_can_blueberry_dry_RGB-600x600.jpg 600w, https:\/\/www.bullseyedistribution.be\/wp-content\/uploads\/2025\/12\/punchy_drinks_330ml_can_blueberry_dry_RGB-640x640.jpg 640w\" sizes=\"(max-width: 2160px) 100vw, 2160px\" data-has-transparency=\"false\" data-dominant-color=\"e7e7e0\" style=\"--dominant-color: #e7e7e0\" \/>\t\t\t\t\t\t\t\t\t\t\t\t\t<\/div>\n\t\t\t\t<\/div>\n\t\t\t\t<\/div>\n\t\t<div class=\"elementor-element elementor-element-01452cb e-con-full e-flex e-con e-child\" data-id=\"01452cb\" data-element_type=\"container\" data-settings=\"{&quot;jet_parallax_layout_list&quot;:[]}\">\n\t\t\t\t<div class=\"elementor-element elementor-element-2509c58 elementor-widget elementor-widget-image\" data-id=\"2509c58\" data-element_type=\"widget\" data-widget_type=\"image.default\">\n\t\t\t\t<div class=\"elementor-widget-container\">\n\t\t\t\t\t\t\t\t\t\t\t\t\t<img decoding=\"async\" width=\"2160\" height=\"2160\" src=\"https:\/\/www.bullseyedistribution.be\/wp-content\/uploads\/2025\/12\/New-Mango.jpg\" class=\"attachment-full size-full wp-image-8379 not-transparent\" alt=\"\" srcset=\"https:\/\/www.bullseyedistribution.be\/wp-content\/uploads\/2025\/12\/New-Mango.jpg 2160w, https:\/\/www.bullseyedistribution.be\/wp-content\/uploads\/2025\/12\/New-Mango-300x300.jpg 300w, https:\/\/www.bullseyedistribution.be\/wp-content\/uploads\/2025\/12\/New-Mango-1024x1024.jpg 1024w, https:\/\/www.bullseyedistribution.be\/wp-content\/uploads\/2025\/12\/New-Mango-150x150.jpg 150w, https:\/\/www.bullseyedistribution.be\/wp-content\/uploads\/2025\/12\/New-Mango-768x768.jpg 768w, https:\/\/www.bullseyedistribution.be\/wp-content\/uploads\/2025\/12\/New-Mango-1536x1536.jpg 1536w, https:\/\/www.bullseyedistribution.be\/wp-content\/uploads\/2025\/12\/New-Mango-2048x2048.jpg 2048w, https:\/\/www.bullseyedistribution.be\/wp-content\/uploads\/2025\/12\/New-Mango-230x230.jpg 230w, https:\/\/www.bullseyedistribution.be\/wp-content\/uploads\/2025\/12\/New-Mango-400x400.jpg 400w, https:\/\/www.bullseyedistribution.be\/wp-content\/uploads\/2025\/12\/New-Mango-600x600.jpg 600w, https:\/\/www.bullseyedistribution.be\/wp-content\/uploads\/2025\/12\/New-Mango-640x640.jpg 640w\" sizes=\"(max-width: 2160px) 100vw, 2160px\" data-has-transparency=\"false\" data-dominant-color=\"e7e1cb\" style=\"--dominant-color: #e7e1cb\" \/>\t\t\t\t\t\t\t\t\t\t\t\t\t<\/div>\n\t\t\t\t<\/div>\n\t\t\t\t<\/div>\n\t\t<div class=\"elementor-element elementor-element-ff820ec e-con-full e-flex e-con e-child\" data-id=\"ff820ec\" data-element_type=\"container\" data-settings=\"{&quot;jet_parallax_layout_list&quot;:[]}\">\n\t\t\t\t<div class=\"elementor-element elementor-element-32795d2 elementor-widget elementor-widget-image\" data-id=\"32795d2\" data-element_type=\"widget\" data-widget_type=\"image.default\">\n\t\t\t\t<div class=\"elementor-widget-container\">\n\t\t\t\t\t\t\t\t\t\t\t\t\t<img loading=\"lazy\" decoding=\"async\" width=\"2160\" height=\"2160\" src=\"https:\/\/www.bullseyedistribution.be\/wp-content\/uploads\/2025\/12\/punchy_drinks_330ml_can_master_RGB-003.jpg\" class=\"attachment-full size-full wp-image-8385 not-transparent\" alt=\"\" srcset=\"https:\/\/www.bullseyedistribution.be\/wp-content\/uploads\/2025\/12\/punchy_drinks_330ml_can_master_RGB-003.jpg 2160w, https:\/\/www.bullseyedistribution.be\/wp-content\/uploads\/2025\/12\/punchy_drinks_330ml_can_master_RGB-003-300x300.jpg 300w, https:\/\/www.bullseyedistribution.be\/wp-content\/uploads\/2025\/12\/punchy_drinks_330ml_can_master_RGB-003-1024x1024.jpg 1024w, https:\/\/www.bullseyedistribution.be\/wp-content\/uploads\/2025\/12\/punchy_drinks_330ml_can_master_RGB-003-150x150.jpg 150w, https:\/\/www.bullseyedistribution.be\/wp-content\/uploads\/2025\/12\/punchy_drinks_330ml_can_master_RGB-003-768x768.jpg 768w, https:\/\/www.bullseyedistribution.be\/wp-content\/uploads\/2025\/12\/punchy_drinks_330ml_can_master_RGB-003-1536x1536.jpg 1536w, https:\/\/www.bullseyedistribution.be\/wp-content\/uploads\/2025\/12\/punchy_drinks_330ml_can_master_RGB-003-2048x2048.jpg 2048w, https:\/\/www.bullseyedistribution.be\/wp-content\/uploads\/2025\/12\/punchy_drinks_330ml_can_master_RGB-003-230x230.jpg 230w, https:\/\/www.bullseyedistribution.be\/wp-content\/uploads\/2025\/12\/punchy_drinks_330ml_can_master_RGB-003-400x400.jpg 400w, https:\/\/www.bullseyedistribution.be\/wp-content\/uploads\/2025\/12\/punchy_drinks_330ml_can_master_RGB-003-600x600.jpg 600w, https:\/\/www.bullseyedistribution.be\/wp-content\/uploads\/2025\/12\/punchy_drinks_330ml_can_master_RGB-003-640x640.jpg 640w\" sizes=\"(max-width: 2160px) 100vw, 2160px\" data-has-transparency=\"false\" data-dominant-color=\"dde5d5\" style=\"--dominant-color: #dde5d5\" \/>\t\t\t\t\t\t\t\t\t\t\t\t\t<\/div>\n\t\t\t\t<\/div>\n\t\t\t\t<\/div>\n\t\t\t\t<\/div>\n\t\t\t\t<\/div>\n\t\t","protected":false},"excerpt":{"rendered":"<p>Du soleil en bouteille\u00a0\u00a0\u00a0\u00a0\u00a0\u00a0\u00a0\u00a0 Du soleil en bouteille\u00a0\u00a0\u00a0\u00a0\u00a0\u00a0\u00a0\u00a0 Du soleil en bouteille\u00a0\u00a0\u00a0\u00a0\u00a0\u00a0\u00a0\u00a0 Du soleil en bouteille\u00a0\u00a0\u00a0\u00a0\u00a0\u00a0\u00a0\u00a0 DU SOLEIL EN BOUTEILLE Nous voyons les boissons diff\u00e9remment. C&rsquo;est une question de go\u00fbt \u2013 et un bon go\u00fbt signifie que nous ne faisons pas de compromis. Nos boissons, faibles en sucre et en calories sont toutes abouties, avec [&hellip;]<\/p>\n","protected":false},"author":1,"featured_media":0,"parent":5245,"menu_order":0,"comment_status":"closed","ping_status":"closed","template":"elementor_header_footer","meta":{"footnotes":""},"class_list":["post-5273","page","type-page","status-publish","hentry"],"yoast_head":"<!-- This site is optimized with the Yoast SEO plugin v27.0 - https:\/\/yoast.com\/product\/yoast-seo-wordpress\/ -->\n<title>Punchy - Bullseye Distribution<\/title>\n<meta name=\"description\" content=\"Punchy : boissons 100% naturelles, faibles en sucre et calories, enrichies en vitamine D et \u00e9lectrolytes. Saveurs vibrantes et ensoleill\u00e9es.\" \/>\n<meta name=\"robots\" content=\"index, follow, max-snippet:-1, max-image-preview:large, max-video-preview:-1\" \/>\n<link rel=\"canonical\" href=\"https:\/\/www.bullseyedistribution.be\/brands\/punchy\/\" \/>\n<meta property=\"og:locale\" content=\"fr_FR\" \/>\n<meta property=\"og:type\" content=\"article\" \/>\n<meta property=\"og:title\" content=\"Punchy - Bullseye Distribution\" \/>\n<meta property=\"og:description\" content=\"Punchy : boissons 100% naturelles, faibles en sucre et calories, enrichies en vitamine D et \u00e9lectrolytes. Saveurs vibrantes et ensoleill\u00e9es.\" \/>\n<meta property=\"og:url\" content=\"https:\/\/www.bullseyedistribution.be\/brands\/punchy\/\" \/>\n<meta property=\"og:site_name\" content=\"Bullseye Distribution\" \/>\n<meta property=\"article:modified_time\" content=\"2025-12-01T14:06:36+00:00\" \/>\n<meta property=\"og:image\" content=\"https:\/\/www.bullseyedistribution.be\/wp-content\/uploads\/2024\/04\/hp-logosbig-punchy.png\" \/>\n\t<meta property=\"og:image:width\" content=\"393\" \/>\n\t<meta property=\"og:image:height\" content=\"287\" \/>\n\t<meta property=\"og:image:type\" content=\"image\/png\" \/>\n<meta name=\"twitter:card\" content=\"summary_large_image\" \/>\n<meta name=\"twitter:label1\" content=\"Dur\u00e9e de lecture estim\u00e9e\" \/>\n\t<meta name=\"twitter:data1\" content=\"2 minutes\" \/>\n<script type=\"application\/ld+json\" class=\"yoast-schema-graph\">{\"@context\":\"https:\/\/schema.org\",\"@graph\":[{\"@type\":\"WebPage\",\"@id\":\"https:\/\/www.bullseyedistribution.be\/brands\/punchy\/\",\"url\":\"https:\/\/www.bullseyedistribution.be\/brands\/punchy\/\",\"name\":\"Punchy - Bullseye Distribution\",\"isPartOf\":{\"@id\":\"https:\/\/www.bullseyedistribution.be\/#website\"},\"primaryImageOfPage\":{\"@id\":\"https:\/\/www.bullseyedistribution.be\/brands\/punchy\/#primaryimage\"},\"image\":{\"@id\":\"https:\/\/www.bullseyedistribution.be\/brands\/punchy\/#primaryimage\"},\"thumbnailUrl\":\"https:\/\/www.bullseyedistribution.be\/wp-content\/uploads\/2024\/04\/hp-logosbig-punchy.png\",\"datePublished\":\"2024-03-13T14:59:24+00:00\",\"dateModified\":\"2025-12-01T14:06:36+00:00\",\"description\":\"Punchy : boissons 100% naturelles, faibles en sucre et calories, enrichies en vitamine D et \u00e9lectrolytes. Saveurs vibrantes et ensoleill\u00e9es.\",\"breadcrumb\":{\"@id\":\"https:\/\/www.bullseyedistribution.be\/brands\/punchy\/#breadcrumb\"},\"inLanguage\":\"fr-FR\",\"potentialAction\":[{\"@type\":\"ReadAction\",\"target\":[\"https:\/\/www.bullseyedistribution.be\/brands\/punchy\/\"]}]},{\"@type\":\"ImageObject\",\"inLanguage\":\"fr-FR\",\"@id\":\"https:\/\/www.bullseyedistribution.be\/brands\/punchy\/#primaryimage\",\"url\":\"https:\/\/www.bullseyedistribution.be\/wp-content\/uploads\/2024\/04\/hp-logosbig-punchy.png\",\"contentUrl\":\"https:\/\/www.bullseyedistribution.be\/wp-content\/uploads\/2024\/04\/hp-logosbig-punchy.png\"},{\"@type\":\"BreadcrumbList\",\"@id\":\"https:\/\/www.bullseyedistribution.be\/brands\/punchy\/#breadcrumb\",\"itemListElement\":[{\"@type\":\"ListItem\",\"position\":1,\"name\":\"Home\",\"item\":\"https:\/\/www.bullseyedistribution.be\/\"},{\"@type\":\"ListItem\",\"position\":2,\"name\":\"Marques\",\"item\":\"https:\/\/www.bullseyedistribution.be\/brands\/\"},{\"@type\":\"ListItem\",\"position\":3,\"name\":\"Punchy\"}]},{\"@type\":\"WebSite\",\"@id\":\"https:\/\/www.bullseyedistribution.be\/#website\",\"url\":\"https:\/\/www.bullseyedistribution.be\/\",\"name\":\"Bullseye Distribution\",\"description\":\"\",\"potentialAction\":[{\"@type\":\"SearchAction\",\"target\":{\"@type\":\"EntryPoint\",\"urlTemplate\":\"https:\/\/www.bullseyedistribution.be\/?s={search_term_string}\"},\"query-input\":{\"@type\":\"PropertyValueSpecification\",\"valueRequired\":true,\"valueName\":\"search_term_string\"}}],\"inLanguage\":\"fr-FR\"}]}<\/script>\n<!-- \/ Yoast SEO plugin. -->","yoast_head_json":{"title":"Punchy - Bullseye Distribution","description":"Punchy : boissons 100% naturelles, faibles en sucre et calories, enrichies en vitamine D et \u00e9lectrolytes. Saveurs vibrantes et ensoleill\u00e9es.","robots":{"index":"index","follow":"follow","max-snippet":"max-snippet:-1","max-image-preview":"max-image-preview:large","max-video-preview":"max-video-preview:-1"},"canonical":"https:\/\/www.bullseyedistribution.be\/brands\/punchy\/","og_locale":"fr_FR","og_type":"article","og_title":"Punchy - Bullseye Distribution","og_description":"Punchy : boissons 100% naturelles, faibles en sucre et calories, enrichies en vitamine D et \u00e9lectrolytes. Saveurs vibrantes et ensoleill\u00e9es.","og_url":"https:\/\/www.bullseyedistribution.be\/brands\/punchy\/","og_site_name":"Bullseye Distribution","article_modified_time":"2025-12-01T14:06:36+00:00","og_image":[{"width":393,"height":287,"url":"https:\/\/www.bullseyedistribution.be\/wp-content\/uploads\/2024\/04\/hp-logosbig-punchy.png","type":"image\/png"}],"twitter_card":"summary_large_image","twitter_misc":{"Dur\u00e9e de lecture estim\u00e9e":"2 minutes"},"schema":{"@context":"https:\/\/schema.org","@graph":[{"@type":"WebPage","@id":"https:\/\/www.bullseyedistribution.be\/brands\/punchy\/","url":"https:\/\/www.bullseyedistribution.be\/brands\/punchy\/","name":"Punchy - Bullseye Distribution","isPartOf":{"@id":"https:\/\/www.bullseyedistribution.be\/#website"},"primaryImageOfPage":{"@id":"https:\/\/www.bullseyedistribution.be\/brands\/punchy\/#primaryimage"},"image":{"@id":"https:\/\/www.bullseyedistribution.be\/brands\/punchy\/#primaryimage"},"thumbnailUrl":"https:\/\/www.bullseyedistribution.be\/wp-content\/uploads\/2024\/04\/hp-logosbig-punchy.png","datePublished":"2024-03-13T14:59:24+00:00","dateModified":"2025-12-01T14:06:36+00:00","description":"Punchy : boissons 100% naturelles, faibles en sucre et calories, enrichies en vitamine D et \u00e9lectrolytes. Saveurs vibrantes et ensoleill\u00e9es.","breadcrumb":{"@id":"https:\/\/www.bullseyedistribution.be\/brands\/punchy\/#breadcrumb"},"inLanguage":"fr-FR","potentialAction":[{"@type":"ReadAction","target":["https:\/\/www.bullseyedistribution.be\/brands\/punchy\/"]}]},{"@type":"ImageObject","inLanguage":"fr-FR","@id":"https:\/\/www.bullseyedistribution.be\/brands\/punchy\/#primaryimage","url":"https:\/\/www.bullseyedistribution.be\/wp-content\/uploads\/2024\/04\/hp-logosbig-punchy.png","contentUrl":"https:\/\/www.bullseyedistribution.be\/wp-content\/uploads\/2024\/04\/hp-logosbig-punchy.png"},{"@type":"BreadcrumbList","@id":"https:\/\/www.bullseyedistribution.be\/brands\/punchy\/#breadcrumb","itemListElement":[{"@type":"ListItem","position":1,"name":"Home","item":"https:\/\/www.bullseyedistribution.be\/"},{"@type":"ListItem","position":2,"name":"Marques","item":"https:\/\/www.bullseyedistribution.be\/brands\/"},{"@type":"ListItem","position":3,"name":"Punchy"}]},{"@type":"WebSite","@id":"https:\/\/www.bullseyedistribution.be\/#website","url":"https:\/\/www.bullseyedistribution.be\/","name":"Bullseye Distribution","description":"","potentialAction":[{"@type":"SearchAction","target":{"@type":"EntryPoint","urlTemplate":"https:\/\/www.bullseyedistribution.be\/?s={search_term_string}"},"query-input":{"@type":"PropertyValueSpecification","valueRequired":true,"valueName":"search_term_string"}}],"inLanguage":"fr-FR"}]}},"_links":{"self":[{"href":"https:\/\/www.bullseyedistribution.be\/fr\/wp-json\/wp\/v2\/pages\/5273","targetHints":{"allow":["GET"]}}],"collection":[{"href":"https:\/\/www.bullseyedistribution.be\/fr\/wp-json\/wp\/v2\/pages"}],"about":[{"href":"https:\/\/www.bullseyedistribution.be\/fr\/wp-json\/wp\/v2\/types\/page"}],"author":[{"embeddable":true,"href":"https:\/\/www.bullseyedistribution.be\/fr\/wp-json\/wp\/v2\/users\/1"}],"replies":[{"embeddable":true,"href":"https:\/\/www.bullseyedistribution.be\/fr\/wp-json\/wp\/v2\/comments?post=5273"}],"version-history":[{"count":3,"href":"https:\/\/www.bullseyedistribution.be\/fr\/wp-json\/wp\/v2\/pages\/5273\/revisions"}],"predecessor-version":[{"id":8434,"href":"https:\/\/www.bullseyedistribution.be\/fr\/wp-json\/wp\/v2\/pages\/5273\/revisions\/8434"}],"up":[{"embeddable":true,"href":"https:\/\/www.bullseyedistribution.be\/fr\/wp-json\/wp\/v2\/pages\/5245"}],"wp:attachment":[{"href":"https:\/\/www.bullseyedistribution.be\/fr\/wp-json\/wp\/v2\/media?parent=5273"}],"curies":[{"name":"wp","href":"https:\/\/api.w.org\/{rel}","templated":true}]}}