{"id":5283,"date":"2024-03-13T15:01:04","date_gmt":"2024-03-13T15:01:04","guid":{"rendered":"https:\/\/hobprojects.nl\/bullseye\/nos-marques\/soul-water\/"},"modified":"2025-11-24T16:13:38","modified_gmt":"2025-11-24T16:13:38","slug":"soul-water","status":"publish","type":"page","link":"https:\/\/www.bullseyedistribution.be\/fr\/nos-marques\/soul-water\/","title":{"rendered":"Soul Water"},"content":{"rendered":"\t\t<div data-elementor-type=\"wp-page\" data-elementor-id=\"5283\" class=\"elementor elementor-5283 elementor-1624\" data-elementor-post-type=\"page\">\n\t\t\t\t<div class=\"elementor-element elementor-element-d3dbf17 e-con-full e-flex e-con e-parent\" data-id=\"d3dbf17\" data-element_type=\"container\" data-settings=\"{&quot;jet_parallax_layout_list&quot;:[]}\">\n\t\t<div class=\"elementor-element elementor-element-e986ede e-con-full e-flex e-con e-child\" data-id=\"e986ede\" data-element_type=\"container\" id=\"brand-intro-container\" data-settings=\"{&quot;background_background&quot;:&quot;classic&quot;,&quot;jet_parallax_layout_list&quot;:[]}\">\n\t\t\t\t<div class=\"elementor-element elementor-element-08bb001 elementor-widget elementor-widget-image\" data-id=\"08bb001\" data-element_type=\"widget\" data-widget_type=\"image.default\">\n\t\t\t\t<div class=\"elementor-widget-container\">\n\t\t\t<style>\/*! elementor - v3.22.0 - 17-06-2024 *\/\n.elementor-widget-image{text-align:center}.elementor-widget-image a{display:inline-block}.elementor-widget-image a img[src$=\".svg\"]{width:48px}.elementor-widget-image img{vertical-align:middle;display:inline-block}<\/style>\t\t\t\t\t\t\t\t\t\t<img fetchpriority=\"high\" decoding=\"async\" width=\"393\" height=\"287\" src=\"https:\/\/www.bullseyedistribution.be\/wp-content\/uploads\/2024\/04\/hp-logosbig-soulwater.png\" class=\"attachment-large size-large wp-image-4477 has-transparency\" alt=\"\" srcset=\"https:\/\/www.bullseyedistribution.be\/wp-content\/uploads\/2024\/04\/hp-logosbig-soulwater.png 393w, https:\/\/www.bullseyedistribution.be\/wp-content\/uploads\/2024\/04\/hp-logosbig-soulwater-300x219.png 300w\" sizes=\"(max-width: 393px) 100vw, 393px\" data-has-transparency=\"true\" data-dominant-color=\"202121\" style=\"--dominant-color: #202121\" \/>\t\t\t\t\t\t\t\t\t\t\t\t\t<\/div>\n\t\t\t\t<\/div>\n\t\t\t\t<\/div>\n\t\t<div class=\"elementor-element elementor-element-9682ab1 e-con-full e-flex e-con e-child\" data-id=\"9682ab1\" data-element_type=\"container\" data-settings=\"{&quot;background_background&quot;:&quot;classic&quot;,&quot;jet_parallax_layout_list&quot;:[],&quot;motion_fx_motion_fx_scrolling&quot;:&quot;yes&quot;,&quot;motion_fx_devices&quot;:[&quot;desktop&quot;,&quot;tablet&quot;,&quot;mobile&quot;]}\">\n\t\t\t\t<\/div>\n\t\t\t\t<\/div>\n\t\t<div class=\"elementor-element elementor-element-66094ee e-con-full e-flex e-con e-parent\" data-id=\"66094ee\" data-element_type=\"container\" id=\"brands-marquee-wrapper\" data-settings=\"{&quot;background_background&quot;:&quot;classic&quot;,&quot;jet_parallax_layout_list&quot;:[]}\">\n\t\t\t\t<div class=\"elementor-element elementor-element-12a5d3c elementor-widget elementor-widget-html\" data-id=\"12a5d3c\" data-element_type=\"widget\" id=\"brands-marquee\" data-widget_type=\"html.default\">\n\t\t\t\t<div class=\"elementor-widget-container\">\n\t\t\t<div class=\"marquee\">\r\n  <span>Une plan\u00e8te plus verte ensemble\u00a0\u00a0\u00a0\u00a0\u00a0\u00a0\u00a0\u00a0<\/span>\r\n  <span>Une plan\u00e8te plus verte ensemble\u00a0\u00a0\u00a0\u00a0\u00a0\u00a0\u00a0\u00a0<\/span>\r\n  <span>Une plan\u00e8te plus verte ensemble\u00a0\u00a0\u00a0\u00a0\u00a0\u00a0\u00a0\u00a0<\/span>\r\n  <span>Une plan\u00e8te plus verte ensemble\u00a0\u00a0\u00a0\u00a0\u00a0\u00a0\u00a0\u00a0<\/span>\r\n<\/div>\t\t<\/div>\n\t\t\t\t<\/div>\n\t\t\t\t<\/div>\n\t\t<div class=\"elementor-element elementor-element-cfa67be e-con-full e-flex e-con e-parent\" data-id=\"cfa67be\" data-element_type=\"container\" data-settings=\"{&quot;jet_parallax_layout_list&quot;:[]}\">\n\t\t<div class=\"elementor-element elementor-element-abee925 e-con-full e-flex e-con e-child\" data-id=\"abee925\" data-element_type=\"container\" data-settings=\"{&quot;jet_parallax_layout_list&quot;:[]}\">\n\t\t<div class=\"elementor-element elementor-element-6672cbf e-flex e-con-boxed e-con e-child\" data-id=\"6672cbf\" data-element_type=\"container\" data-settings=\"{&quot;jet_parallax_layout_list&quot;:[]}\">\n\t\t\t\t\t<div class=\"e-con-inner\">\n\t\t\t\t<div class=\"elementor-element elementor-element-8e6df3a animated-fast lessbigtitle elementor-invisible elementor-widget elementor-widget-heading\" data-id=\"8e6df3a\" data-element_type=\"widget\" data-settings=\"{&quot;_animation&quot;:&quot;fadeInUp&quot;,&quot;_animation_delay&quot;:150}\" data-widget_type=\"heading.default\">\n\t\t\t\t<div class=\"elementor-widget-container\">\n\t\t\t<style>\/*! elementor - v3.22.0 - 17-06-2024 *\/\n.elementor-heading-title{padding:0;margin:0;line-height:1}.elementor-widget-heading .elementor-heading-title[class*=elementor-size-]>a{color:inherit;font-size:inherit;line-height:inherit}.elementor-widget-heading .elementor-heading-title.elementor-size-small{font-size:15px}.elementor-widget-heading .elementor-heading-title.elementor-size-medium{font-size:19px}.elementor-widget-heading .elementor-heading-title.elementor-size-large{font-size:29px}.elementor-widget-heading .elementor-heading-title.elementor-size-xl{font-size:39px}.elementor-widget-heading .elementor-heading-title.elementor-size-xxl{font-size:59px}<\/style><h2 class=\"elementor-heading-title elementor-size-default\">UNE PLAN\u00c8TE PLUS VERTE ENSEMBLE<\/h2>\t\t<\/div>\n\t\t\t\t<\/div>\n\t\t\t\t<div class=\"elementor-element elementor-element-70beab0 normaltext animated-fast elementor-invisible elementor-widget elementor-widget-text-editor\" data-id=\"70beab0\" data-element_type=\"widget\" data-settings=\"{&quot;_animation&quot;:&quot;fadeInUp&quot;,&quot;_animation_delay&quot;:200}\" data-widget_type=\"text-editor.default\">\n\t\t\t\t<div class=\"elementor-widget-container\">\n\t\t\t<style>\/*! elementor - v3.22.0 - 17-06-2024 *\/\n.elementor-widget-text-editor.elementor-drop-cap-view-stacked .elementor-drop-cap{background-color:#69727d;color:#fff}.elementor-widget-text-editor.elementor-drop-cap-view-framed .elementor-drop-cap{color:#69727d;border:3px solid;background-color:transparent}.elementor-widget-text-editor:not(.elementor-drop-cap-view-default) .elementor-drop-cap{margin-top:8px}.elementor-widget-text-editor:not(.elementor-drop-cap-view-default) .elementor-drop-cap-letter{width:1em;height:1em}.elementor-widget-text-editor .elementor-drop-cap{float:left;text-align:center;line-height:1;font-size:50px}.elementor-widget-text-editor .elementor-drop-cap-letter{display:inline-block}<\/style>\t\t\t\t<p>Soul Water s&rsquo;approvisionne en eau min\u00e9rale naturelle aupr\u00e8s du distributeur le plus proche, et utilise des emballages circulaires recyclables afin de g\u00e9n\u00e9rer la plus faible empreinte carbone possible. Soul Water croit en la construction commune d&rsquo;une plan\u00e8te plus verte et plus bienveillante gr\u00e2ce \u00e0 des choix simples et conscients qui font une\u00a0grande\u00a0diff\u00e9rence.<\/p>\n<p>Pour chaque canette de Soul Water achet\u00e9e, un minimum de 5% du chiffre d&rsquo;affaires est revers\u00e9 \u00e0 The Soul Community. Ainsi, nous construisons ensemble une plan\u00e8te plus verte.<\/p>\n\t\t\t\t\t\t<\/div>\n\t\t\t\t<\/div>\n\t\t\t\t<div class=\"elementor-element elementor-element-0db8373 hover-container4 animated-fast elementor-invisible elementor-widget elementor-widget-button\" data-id=\"0db8373\" data-element_type=\"widget\" id=\"brands-single-cta\" data-settings=\"{&quot;_animation&quot;:&quot;fadeIn&quot;,&quot;_animation_delay&quot;:200}\" data-widget_type=\"button.default\">\n\t\t\t\t<div class=\"elementor-widget-container\">\n\t\t\t\t\t<div class=\"elementor-button-wrapper\">\n\t\t\t<a class=\"elementor-button elementor-button-link elementor-size-sm\" href=\"https:\/\/www.bullseyedistribution.be\/fr\/contact\/\">\n\t\t\t\t\t\t<span class=\"elementor-button-content-wrapper\">\n\t\t\t\t\t\t\t\t\t<span class=\"elementor-button-text\">Nos marques \u00e0 votre \u00e9v\u00e9nement, bar ou magasin ? Contactez-nous maintenant<\/span>\n\t\t\t\t\t<\/span>\n\t\t\t\t\t<\/a>\n\t\t<\/div>\n\t\t\t\t<\/div>\n\t\t\t\t<\/div>\n\t\t\t\t\t<\/div>\n\t\t\t\t<\/div>\n\t\t\t\t<\/div>\n\t\t<div class=\"elementor-element elementor-element-57bfda3 e-con-full e-flex e-con e-child\" data-id=\"57bfda3\" data-element_type=\"container\" data-settings=\"{&quot;jet_parallax_layout_list&quot;:[],&quot;background_background&quot;:&quot;slideshow&quot;,&quot;background_slideshow_gallery&quot;:[{&quot;id&quot;:2525,&quot;url&quot;:&quot;https:\\\/\\\/www.bullseyedistribution.be\\\/wp-content\\\/uploads\\\/2024\\\/03\\\/271050634_495884458613896_6663204734753058501_n-jpg.webp&quot;},{&quot;id&quot;:2509,&quot;url&quot;:&quot;https:\\\/\\\/www.bullseyedistribution.be\\\/wp-content\\\/uploads\\\/2024\\\/03\\\/363352274_608047448135462_211125161639546880_n-jpg.webp&quot;},{&quot;id&quot;:1876,&quot;url&quot;:&quot;https:\\\/\\\/www.bullseyedistribution.be\\\/wp-content\\\/uploads\\\/2024\\\/03\\\/182433476_332158728319804_1280764419198891212_n-jpg.webp&quot;},{&quot;id&quot;:2527,&quot;url&quot;:&quot;https:\\\/\\\/www.bullseyedistribution.be\\\/wp-content\\\/uploads\\\/2024\\\/03\\\/348921083_650009433700912_7747961044599535534_n.jpg&quot;}],&quot;background_slideshow_slide_duration&quot;:2000,&quot;background_slideshow_loop&quot;:&quot;yes&quot;,&quot;background_slideshow_slide_transition&quot;:&quot;fade&quot;,&quot;background_slideshow_transition_duration&quot;:500}\">\n\t\t\t\t<div class=\"elementor-element elementor-element-4e3f124 elementor-widget elementor-widget-image\" data-id=\"4e3f124\" data-element_type=\"widget\" data-widget_type=\"image.default\">\n\t\t\t\t<div class=\"elementor-widget-container\">\n\t\t\t\t\t\t\t\t\t\t\t\t\t<img decoding=\"async\" src=\"https:\/\/www.bullseyedistribution.be\/wp-content\/uploads\/elementor\/thumbs\/spacer-qmqztunwcemxv6ozc3174o76hu2egl7lje8hmdx5w0.png\" title=\"spacer\" alt=\"spacer\" loading=\"lazy\" \/>\t\t\t\t\t\t\t\t\t\t\t\t\t<\/div>\n\t\t\t\t<\/div>\n\t\t\t\t<\/div>\n\t\t\t\t<\/div>\n\t\t<div class=\"elementor-element elementor-element-a12b2c0 e-con-full e-flex e-con e-parent\" data-id=\"a12b2c0\" data-element_type=\"container\" data-settings=\"{&quot;jet_parallax_layout_list&quot;:[]}\">\n\t\t<div class=\"elementor-element elementor-element-5c67df3 e-con-full e-flex e-con e-child\" data-id=\"5c67df3\" data-element_type=\"container\" data-settings=\"{&quot;jet_parallax_layout_list&quot;:[]}\">\n\t\t\t\t<div class=\"elementor-element elementor-element-fb2972b elementor-widget elementor-widget-image\" data-id=\"fb2972b\" data-element_type=\"widget\" data-widget_type=\"image.default\">\n\t\t\t\t<div class=\"elementor-widget-container\">\n\t\t\t\t\t\t\t\t\t\t\t\t\t<img decoding=\"async\" src=\"https:\/\/www.bullseyedistribution.be\/wp-content\/uploads\/elementor\/thumbs\/320595265_613235883938865_6200775576816575901_n-jpg-qmqzj1ipqzryi913443tbz2b0xjmucdzny64tzu99s.webp\" title=\"320595265_613235883938865_6200775576816575901_n\" alt=\"320595265_613235883938865_6200775576816575901_n\" loading=\"lazy\" \/>\t\t\t\t\t\t\t\t\t\t\t\t\t<\/div>\n\t\t\t\t<\/div>\n\t\t\t\t<\/div>\n\t\t<div class=\"elementor-element elementor-element-01452cb e-con-full e-flex e-con e-child\" data-id=\"01452cb\" data-element_type=\"container\" data-settings=\"{&quot;jet_parallax_layout_list&quot;:[]}\">\n\t\t\t\t<div class=\"elementor-element elementor-element-a7ac39f elementor-widget elementor-widget-image\" data-id=\"a7ac39f\" data-element_type=\"widget\" data-widget_type=\"image.default\">\n\t\t\t\t<div class=\"elementor-widget-container\">\n\t\t\t\t\t\t\t\t\t\t\t\t\t<img decoding=\"async\" src=\"https:\/\/www.bullseyedistribution.be\/wp-content\/uploads\/elementor\/thumbs\/1ae557_76ba88c0f42b4f9a8a6417b2b1bed82cmv2-qmqzgm3q3egaiik2akbie34fs3ihyhqybxhz79fvcg.webp\" title=\"1ae557_76ba88c0f42b4f9a8a6417b2b1bed82c~mv2\" alt=\"1ae557_76ba88c0f42b4f9a8a6417b2b1bed82c~mv2\" loading=\"lazy\" \/>\t\t\t\t\t\t\t\t\t\t\t\t\t<\/div>\n\t\t\t\t<\/div>\n\t\t\t\t<\/div>\n\t\t<div class=\"elementor-element elementor-element-ff820ec e-con-full e-flex e-con e-child\" data-id=\"ff820ec\" data-element_type=\"container\" data-settings=\"{&quot;jet_parallax_layout_list&quot;:[]}\">\n\t\t\t\t<div class=\"elementor-element elementor-element-5c2abcd elementor-widget elementor-widget-image\" data-id=\"5c2abcd\" data-element_type=\"widget\" data-widget_type=\"image.default\">\n\t\t\t\t<div class=\"elementor-widget-container\">\n\t\t\t\t\t\t\t\t\t\t\t\t\t<img decoding=\"async\" src=\"https:\/\/www.bullseyedistribution.be\/wp-content\/uploads\/elementor\/thumbs\/1ae557_34c8a1ea01614642b5ca4cf0dcc1e79amv2-qmqzgggoye8kkus97hvqz4jo7saaob4kb5l2blo8ds.webp\" title=\"1ae557_34c8a1ea01614642b5ca4cf0dcc1e79a~mv2\" alt=\"1ae557_34c8a1ea01614642b5ca4cf0dcc1e79a~mv2\" loading=\"lazy\" \/>\t\t\t\t\t\t\t\t\t\t\t\t\t<\/div>\n\t\t\t\t<\/div>\n\t\t\t\t<\/div>\n\t\t\t\t<\/div>\n\t\t\t\t<\/div>\n\t\t","protected":false},"excerpt":{"rendered":"<p>Une plan\u00e8te plus verte ensemble\u00a0\u00a0\u00a0\u00a0\u00a0\u00a0\u00a0\u00a0 Une plan\u00e8te plus verte ensemble\u00a0\u00a0\u00a0\u00a0\u00a0\u00a0\u00a0\u00a0 Une plan\u00e8te plus verte ensemble\u00a0\u00a0\u00a0\u00a0\u00a0\u00a0\u00a0\u00a0 Une plan\u00e8te plus verte ensemble\u00a0\u00a0\u00a0\u00a0\u00a0\u00a0\u00a0\u00a0 UNE PLAN\u00c8TE PLUS VERTE ENSEMBLE Soul Water s&rsquo;approvisionne en eau min\u00e9rale naturelle aupr\u00e8s du distributeur le plus proche, et utilise des emballages circulaires recyclables afin de g\u00e9n\u00e9rer la plus faible empreinte carbone possible. Soul Water [&hellip;]<\/p>\n","protected":false},"author":1,"featured_media":0,"parent":5245,"menu_order":0,"comment_status":"closed","ping_status":"closed","template":"elementor_header_footer","meta":{"footnotes":""},"class_list":["post-5283","page","type-page","status-publish","hentry"],"yoast_head":"<!-- This site is optimized with the Yoast SEO plugin v27.0 - https:\/\/yoast.com\/product\/yoast-seo-wordpress\/ -->\n<title>Soul Water - Bullseye Distribution<\/title>\n<meta name=\"description\" content=\"Soul Water : Eau durable de qualit\u00e9, circulaire et engag\u00e9e. 5% des ventes soutiennent des initiatives pour une plan\u00e8te plus verte.\" \/>\n<meta name=\"robots\" content=\"index, follow, max-snippet:-1, max-image-preview:large, max-video-preview:-1\" \/>\n<link rel=\"canonical\" href=\"https:\/\/www.bullseyedistribution.be\/brands\/soulwater\/\" \/>\n<meta property=\"og:locale\" content=\"fr_FR\" \/>\n<meta property=\"og:type\" content=\"article\" \/>\n<meta property=\"og:title\" content=\"Soul Water - Bullseye Distribution\" \/>\n<meta property=\"og:description\" content=\"Soul Water : Eau durable de qualit\u00e9, circulaire et engag\u00e9e. 5% des ventes soutiennent des initiatives pour une plan\u00e8te plus verte.\" \/>\n<meta property=\"og:url\" content=\"https:\/\/www.bullseyedistribution.be\/brands\/soulwater\/\" \/>\n<meta property=\"og:site_name\" content=\"Bullseye Distribution\" \/>\n<meta property=\"article:modified_time\" content=\"2025-11-24T16:13:38+00:00\" \/>\n<meta property=\"og:image\" content=\"https:\/\/www.bullseyedistribution.be\/wp-content\/uploads\/2024\/04\/hp-logosbig-soulwater.png\" \/>\n\t<meta property=\"og:image:width\" content=\"393\" \/>\n\t<meta property=\"og:image:height\" content=\"287\" \/>\n\t<meta property=\"og:image:type\" content=\"image\/png\" \/>\n<meta name=\"twitter:card\" content=\"summary_large_image\" \/>\n<meta name=\"twitter:label1\" content=\"Dur\u00e9e de lecture estim\u00e9e\" \/>\n\t<meta name=\"twitter:data1\" content=\"2 minutes\" \/>\n<script type=\"application\/ld+json\" class=\"yoast-schema-graph\">{\"@context\":\"https:\/\/schema.org\",\"@graph\":[{\"@type\":\"WebPage\",\"@id\":\"https:\/\/www.bullseyedistribution.be\/brands\/soulwater\/\",\"url\":\"https:\/\/www.bullseyedistribution.be\/brands\/soulwater\/\",\"name\":\"Soul Water - Bullseye Distribution\",\"isPartOf\":{\"@id\":\"https:\/\/www.bullseyedistribution.be\/#website\"},\"primaryImageOfPage\":{\"@id\":\"https:\/\/www.bullseyedistribution.be\/brands\/soulwater\/#primaryimage\"},\"image\":{\"@id\":\"https:\/\/www.bullseyedistribution.be\/brands\/soulwater\/#primaryimage\"},\"thumbnailUrl\":\"https:\/\/www.bullseyedistribution.be\/wp-content\/uploads\/2024\/04\/hp-logosbig-soulwater.png\",\"datePublished\":\"2024-03-13T15:01:04+00:00\",\"dateModified\":\"2025-11-24T16:13:38+00:00\",\"description\":\"Soul Water : Eau durable de qualit\u00e9, circulaire et engag\u00e9e. 5% des ventes soutiennent des initiatives pour une plan\u00e8te plus verte.\",\"breadcrumb\":{\"@id\":\"https:\/\/www.bullseyedistribution.be\/brands\/soulwater\/#breadcrumb\"},\"inLanguage\":\"fr-FR\",\"potentialAction\":[{\"@type\":\"ReadAction\",\"target\":[\"https:\/\/www.bullseyedistribution.be\/brands\/soulwater\/\"]}]},{\"@type\":\"ImageObject\",\"inLanguage\":\"fr-FR\",\"@id\":\"https:\/\/www.bullseyedistribution.be\/brands\/soulwater\/#primaryimage\",\"url\":\"https:\/\/www.bullseyedistribution.be\/wp-content\/uploads\/2024\/04\/hp-logosbig-soulwater.png\",\"contentUrl\":\"https:\/\/www.bullseyedistribution.be\/wp-content\/uploads\/2024\/04\/hp-logosbig-soulwater.png\"},{\"@type\":\"BreadcrumbList\",\"@id\":\"https:\/\/www.bullseyedistribution.be\/brands\/soulwater\/#breadcrumb\",\"itemListElement\":[{\"@type\":\"ListItem\",\"position\":1,\"name\":\"Home\",\"item\":\"https:\/\/www.bullseyedistribution.be\/\"},{\"@type\":\"ListItem\",\"position\":2,\"name\":\"Marques\",\"item\":\"https:\/\/www.bullseyedistribution.be\/brands\/\"},{\"@type\":\"ListItem\",\"position\":3,\"name\":\"Soul Water\"}]},{\"@type\":\"WebSite\",\"@id\":\"https:\/\/www.bullseyedistribution.be\/#website\",\"url\":\"https:\/\/www.bullseyedistribution.be\/\",\"name\":\"Bullseye Distribution\",\"description\":\"\",\"potentialAction\":[{\"@type\":\"SearchAction\",\"target\":{\"@type\":\"EntryPoint\",\"urlTemplate\":\"https:\/\/www.bullseyedistribution.be\/?s={search_term_string}\"},\"query-input\":{\"@type\":\"PropertyValueSpecification\",\"valueRequired\":true,\"valueName\":\"search_term_string\"}}],\"inLanguage\":\"fr-FR\"}]}<\/script>\n<!-- \/ Yoast SEO plugin. -->","yoast_head_json":{"title":"Soul Water - Bullseye Distribution","description":"Soul Water : Eau durable de qualit\u00e9, circulaire et engag\u00e9e. 5% des ventes soutiennent des initiatives pour une plan\u00e8te plus verte.","robots":{"index":"index","follow":"follow","max-snippet":"max-snippet:-1","max-image-preview":"max-image-preview:large","max-video-preview":"max-video-preview:-1"},"canonical":"https:\/\/www.bullseyedistribution.be\/brands\/soulwater\/","og_locale":"fr_FR","og_type":"article","og_title":"Soul Water - Bullseye Distribution","og_description":"Soul Water : Eau durable de qualit\u00e9, circulaire et engag\u00e9e. 5% des ventes soutiennent des initiatives pour une plan\u00e8te plus verte.","og_url":"https:\/\/www.bullseyedistribution.be\/brands\/soulwater\/","og_site_name":"Bullseye Distribution","article_modified_time":"2025-11-24T16:13:38+00:00","og_image":[{"width":393,"height":287,"url":"https:\/\/www.bullseyedistribution.be\/wp-content\/uploads\/2024\/04\/hp-logosbig-soulwater.png","type":"image\/png"}],"twitter_card":"summary_large_image","twitter_misc":{"Dur\u00e9e de lecture estim\u00e9e":"2 minutes"},"schema":{"@context":"https:\/\/schema.org","@graph":[{"@type":"WebPage","@id":"https:\/\/www.bullseyedistribution.be\/brands\/soulwater\/","url":"https:\/\/www.bullseyedistribution.be\/brands\/soulwater\/","name":"Soul Water - Bullseye Distribution","isPartOf":{"@id":"https:\/\/www.bullseyedistribution.be\/#website"},"primaryImageOfPage":{"@id":"https:\/\/www.bullseyedistribution.be\/brands\/soulwater\/#primaryimage"},"image":{"@id":"https:\/\/www.bullseyedistribution.be\/brands\/soulwater\/#primaryimage"},"thumbnailUrl":"https:\/\/www.bullseyedistribution.be\/wp-content\/uploads\/2024\/04\/hp-logosbig-soulwater.png","datePublished":"2024-03-13T15:01:04+00:00","dateModified":"2025-11-24T16:13:38+00:00","description":"Soul Water : Eau durable de qualit\u00e9, circulaire et engag\u00e9e. 5% des ventes soutiennent des initiatives pour une plan\u00e8te plus verte.","breadcrumb":{"@id":"https:\/\/www.bullseyedistribution.be\/brands\/soulwater\/#breadcrumb"},"inLanguage":"fr-FR","potentialAction":[{"@type":"ReadAction","target":["https:\/\/www.bullseyedistribution.be\/brands\/soulwater\/"]}]},{"@type":"ImageObject","inLanguage":"fr-FR","@id":"https:\/\/www.bullseyedistribution.be\/brands\/soulwater\/#primaryimage","url":"https:\/\/www.bullseyedistribution.be\/wp-content\/uploads\/2024\/04\/hp-logosbig-soulwater.png","contentUrl":"https:\/\/www.bullseyedistribution.be\/wp-content\/uploads\/2024\/04\/hp-logosbig-soulwater.png"},{"@type":"BreadcrumbList","@id":"https:\/\/www.bullseyedistribution.be\/brands\/soulwater\/#breadcrumb","itemListElement":[{"@type":"ListItem","position":1,"name":"Home","item":"https:\/\/www.bullseyedistribution.be\/"},{"@type":"ListItem","position":2,"name":"Marques","item":"https:\/\/www.bullseyedistribution.be\/brands\/"},{"@type":"ListItem","position":3,"name":"Soul Water"}]},{"@type":"WebSite","@id":"https:\/\/www.bullseyedistribution.be\/#website","url":"https:\/\/www.bullseyedistribution.be\/","name":"Bullseye Distribution","description":"","potentialAction":[{"@type":"SearchAction","target":{"@type":"EntryPoint","urlTemplate":"https:\/\/www.bullseyedistribution.be\/?s={search_term_string}"},"query-input":{"@type":"PropertyValueSpecification","valueRequired":true,"valueName":"search_term_string"}}],"inLanguage":"fr-FR"}]}},"_links":{"self":[{"href":"https:\/\/www.bullseyedistribution.be\/fr\/wp-json\/wp\/v2\/pages\/5283","targetHints":{"allow":["GET"]}}],"collection":[{"href":"https:\/\/www.bullseyedistribution.be\/fr\/wp-json\/wp\/v2\/pages"}],"about":[{"href":"https:\/\/www.bullseyedistribution.be\/fr\/wp-json\/wp\/v2\/types\/page"}],"author":[{"embeddable":true,"href":"https:\/\/www.bullseyedistribution.be\/fr\/wp-json\/wp\/v2\/users\/1"}],"replies":[{"embeddable":true,"href":"https:\/\/www.bullseyedistribution.be\/fr\/wp-json\/wp\/v2\/comments?post=5283"}],"version-history":[{"count":3,"href":"https:\/\/www.bullseyedistribution.be\/fr\/wp-json\/wp\/v2\/pages\/5283\/revisions"}],"predecessor-version":[{"id":8167,"href":"https:\/\/www.bullseyedistribution.be\/fr\/wp-json\/wp\/v2\/pages\/5283\/revisions\/8167"}],"up":[{"embeddable":true,"href":"https:\/\/www.bullseyedistribution.be\/fr\/wp-json\/wp\/v2\/pages\/5245"}],"wp:attachment":[{"href":"https:\/\/www.bullseyedistribution.be\/fr\/wp-json\/wp\/v2\/media?parent=5283"}],"curies":[{"name":"wp","href":"https:\/\/api.w.org\/{rel}","templated":true}]}}