{"id":8620,"date":"2026-04-16T11:48:22","date_gmt":"2026-04-16T11:48:22","guid":{"rendered":"https:\/\/www.bullseyedistribution.be\/nos-marques\/2wine\/"},"modified":"2026-04-16T13:27:21","modified_gmt":"2026-04-16T13:27:21","slug":"2wine","status":"publish","type":"page","link":"https:\/\/www.bullseyedistribution.be\/fr\/nos-marques\/2wine\/","title":{"rendered":"2Wine"},"content":{"rendered":"\t\t<div data-elementor-type=\"wp-page\" data-elementor-id=\"8620\" class=\"elementor elementor-8620 elementor-8521\" data-elementor-post-type=\"page\">\n\t\t\t\t<div class=\"elementor-element elementor-element-d3dbf17 e-con-full e-flex e-con e-parent\" data-id=\"d3dbf17\" data-element_type=\"container\" data-settings=\"{&quot;jet_parallax_layout_list&quot;:[]}\">\n\t\t<div class=\"elementor-element elementor-element-e986ede e-con-full e-flex e-con e-child\" data-id=\"e986ede\" data-element_type=\"container\" id=\"brand-intro-container\" data-settings=\"{&quot;background_background&quot;:&quot;classic&quot;,&quot;jet_parallax_layout_list&quot;:[]}\">\n\t\t\t\t<div class=\"elementor-element elementor-element-08bb001 elementor-widget elementor-widget-image\" data-id=\"08bb001\" data-element_type=\"widget\" data-widget_type=\"image.default\">\n\t\t\t\t<div class=\"elementor-widget-container\">\n\t\t\t<style>\/*! elementor - v3.22.0 - 17-06-2024 *\/\n.elementor-widget-image{text-align:center}.elementor-widget-image a{display:inline-block}.elementor-widget-image a img[src$=\".svg\"]{width:48px}.elementor-widget-image img{vertical-align:middle;display:inline-block}<\/style>\t\t\t\t\t\t\t\t\t\t<img fetchpriority=\"high\" decoding=\"async\" width=\"1024\" height=\"477\" src=\"https:\/\/www.bullseyedistribution.be\/wp-content\/uploads\/2026\/04\/2Wine-logo-groen-RGB-1024x477.png\" class=\"attachment-large size-large wp-image-8550 has-transparency\" alt=\"\" srcset=\"https:\/\/www.bullseyedistribution.be\/wp-content\/uploads\/2026\/04\/2Wine-logo-groen-RGB-1024x477.png 1024w, https:\/\/www.bullseyedistribution.be\/wp-content\/uploads\/2026\/04\/2Wine-logo-groen-RGB-300x140.png 300w, https:\/\/www.bullseyedistribution.be\/wp-content\/uploads\/2026\/04\/2Wine-logo-groen-RGB-768x357.png 768w, https:\/\/www.bullseyedistribution.be\/wp-content\/uploads\/2026\/04\/2Wine-logo-groen-RGB-600x279.png 600w, https:\/\/www.bullseyedistribution.be\/wp-content\/uploads\/2026\/04\/2Wine-logo-groen-RGB.png 1504w\" sizes=\"(max-width: 1024px) 100vw, 1024px\" data-has-transparency=\"true\" data-dominant-color=\"acb97a\" style=\"--dominant-color: #acb97a\" \/>\t\t\t\t\t\t\t\t\t\t\t\t\t<\/div>\n\t\t\t\t<\/div>\n\t\t\t\t<\/div>\n\t\t<div class=\"elementor-element elementor-element-9682ab1 e-con-full e-flex e-con e-child\" data-id=\"9682ab1\" data-element_type=\"container\" data-settings=\"{&quot;background_background&quot;:&quot;classic&quot;,&quot;jet_parallax_layout_list&quot;:[],&quot;motion_fx_motion_fx_scrolling&quot;:&quot;yes&quot;,&quot;motion_fx_devices&quot;:[&quot;desktop&quot;,&quot;tablet&quot;,&quot;mobile&quot;]}\">\n\t\t\t\t<\/div>\n\t\t\t\t<\/div>\n\t\t<div class=\"elementor-element elementor-element-66094ee e-con-full e-flex e-con e-parent\" data-id=\"66094ee\" data-element_type=\"container\" id=\"brands-marquee-wrapper\" data-settings=\"{&quot;background_background&quot;:&quot;classic&quot;,&quot;jet_parallax_layout_list&quot;:[]}\">\n\t\t\t\t<div class=\"elementor-element elementor-element-12a5d3c elementor-widget elementor-widget-html\" data-id=\"12a5d3c\" data-element_type=\"widget\" id=\"brands-marquee\" data-widget_type=\"html.default\">\n\t\t\t\t<div class=\"elementor-widget-container\">\n\t\t\t<div class=\"marquee\">\r\n  <span>Be Fine, let's wine!&nbsp;&nbsp;&nbsp;&nbsp;&nbsp;&nbsp;&nbsp;&nbsp;<\/span>\r\n  <span>Be Fine, let's wine!&nbsp;&nbsp;&nbsp;&nbsp;&nbsp;&nbsp;&nbsp;&nbsp;<\/span>\r\n  <span>Be Fine, let's wine!&nbsp;&nbsp;&nbsp;&nbsp;&nbsp;&nbsp;&nbsp;&nbsp;<\/span>\r\n  <span>Be Fine, let's wine!&nbsp;&nbsp;&nbsp;&nbsp;&nbsp;&nbsp;&nbsp;&nbsp;<\/span>\r\n<\/div>\t\t<\/div>\n\t\t\t\t<\/div>\n\t\t\t\t<\/div>\n\t\t<div class=\"elementor-element elementor-element-cfa67be e-con-full e-flex e-con e-parent\" data-id=\"cfa67be\" data-element_type=\"container\" data-settings=\"{&quot;jet_parallax_layout_list&quot;:[]}\">\n\t\t<div class=\"elementor-element elementor-element-abee925 e-con-full e-flex e-con e-child\" data-id=\"abee925\" data-element_type=\"container\" data-settings=\"{&quot;jet_parallax_layout_list&quot;:[]}\">\n\t\t<div class=\"elementor-element elementor-element-6672cbf e-flex e-con-boxed e-con e-child\" data-id=\"6672cbf\" data-element_type=\"container\" data-settings=\"{&quot;jet_parallax_layout_list&quot;:[]}\">\n\t\t\t\t\t<div class=\"e-con-inner\">\n\t\t\t\t<div class=\"elementor-element elementor-element-8e6df3a animated-fast lessbigtitle elementor-invisible elementor-widget elementor-widget-heading\" data-id=\"8e6df3a\" data-element_type=\"widget\" data-settings=\"{&quot;_animation&quot;:&quot;fadeInUp&quot;,&quot;_animation_delay&quot;:150}\" data-widget_type=\"heading.default\">\n\t\t\t\t<div class=\"elementor-widget-container\">\n\t\t\t<style>\/*! elementor - v3.22.0 - 17-06-2024 *\/\n.elementor-heading-title{padding:0;margin:0;line-height:1}.elementor-widget-heading .elementor-heading-title[class*=elementor-size-]>a{color:inherit;font-size:inherit;line-height:inherit}.elementor-widget-heading .elementor-heading-title.elementor-size-small{font-size:15px}.elementor-widget-heading .elementor-heading-title.elementor-size-medium{font-size:19px}.elementor-widget-heading .elementor-heading-title.elementor-size-large{font-size:29px}.elementor-widget-heading .elementor-heading-title.elementor-size-xl{font-size:39px}.elementor-widget-heading .elementor-heading-title.elementor-size-xxl{font-size:59px}<\/style><h2 class=\"elementor-heading-title elementor-size-default\">Canned wine<\/h2>\t\t<\/div>\n\t\t\t\t<\/div>\n\t\t\t\t<div class=\"elementor-element elementor-element-70beab0 normaltext animated-fast elementor-invisible elementor-widget elementor-widget-text-editor\" data-id=\"70beab0\" data-element_type=\"widget\" data-settings=\"{&quot;_animation&quot;:&quot;fadeInUp&quot;,&quot;_animation_delay&quot;:200}\" data-widget_type=\"text-editor.default\">\n\t\t\t\t<div class=\"elementor-widget-container\">\n\t\t\t<style>\/*! elementor - v3.22.0 - 17-06-2024 *\/\n.elementor-widget-text-editor.elementor-drop-cap-view-stacked .elementor-drop-cap{background-color:#69727d;color:#fff}.elementor-widget-text-editor.elementor-drop-cap-view-framed .elementor-drop-cap{color:#69727d;border:3px solid;background-color:transparent}.elementor-widget-text-editor:not(.elementor-drop-cap-view-default) .elementor-drop-cap{margin-top:8px}.elementor-widget-text-editor:not(.elementor-drop-cap-view-default) .elementor-drop-cap-letter{width:1em;height:1em}.elementor-widget-text-editor .elementor-drop-cap{float:left;text-align:center;line-height:1;font-size:50px}.elementor-widget-text-editor .elementor-drop-cap-letter{display:inline-block}<\/style>\t\t\t\t<p class=\"p1\">2Wine propose du vin en canette parfaitement adapt\u00e9 aux attentes du consommateur d\u2019aujourd\u2019hui : qualitatif, durable et facile \u00e0 utiliser. Les vins fran\u00e7ais et italiens, soigneusement s\u00e9lectionn\u00e9s, sont conditionn\u00e9s dans des canettes \u00e9l\u00e9gantes et pratiques qui prot\u00e8gent de la lumi\u00e8re et de l\u2019oxyg\u00e8ne, garantissant ainsi une fra\u00eecheur et un \u00e9quilibre constants.<\/p>\n<p class=\"p1\">La gamme se compose de trois variantes accessibles : White, Ros\u00e9 et Brut \u2013 le choix id\u00e9al pour chaque moment et chaque type d\u2019environnement.<\/p>\n<p class=\"p1\">Les canettes de 250 ml refroidissent rapidement, sont enti\u00e8rement sans verre et parfaitement adapt\u00e9es aux environnements \u00e0 forte affluence tels que les festivals, \u00e9v\u00e9nements et \u00e9tablissements horeca. Pas de casse, pas de gaspillage \u2014 mais une rapidit\u00e9 et une efficacit\u00e9 maximales au service.<\/p>\n\t\t\t\t\t\t<\/div>\n\t\t\t\t<\/div>\n\t\t\t\t\t<\/div>\n\t\t\t\t<\/div>\n\t\t\t\t<\/div>\n\t\t<div class=\"elementor-element elementor-element-57bfda3 e-con-full e-flex e-con e-child\" data-id=\"57bfda3\" data-element_type=\"container\" data-settings=\"{&quot;jet_parallax_layout_list&quot;:[]}\">\n\t\t\t\t<div class=\"elementor-element elementor-element-4e3f124 elementor-widget elementor-widget-image\" data-id=\"4e3f124\" data-element_type=\"widget\" data-widget_type=\"image.default\">\n\t\t\t\t<div class=\"elementor-widget-container\">\n\t\t\t\t\t\t\t\t\t\t\t\t\t<img decoding=\"async\" src=\"https:\/\/www.bullseyedistribution.be\/wp-content\/uploads\/elementor\/thumbs\/Still-beelden-2WINE-Photo-Large-38-2-scaled-rm39u7fcyel34plnvqbe0z64123va55vftklfsg100.jpg\" title=\"Still beelden-2WINE Photo Large-38\" alt=\"Still beelden-2WINE Photo Large-38\" loading=\"lazy\" \/>\t\t\t\t\t\t\t\t\t\t\t\t\t<\/div>\n\t\t\t\t<\/div>\n\t\t\t\t<\/div>\n\t\t\t\t<\/div>\n\t\t<div class=\"elementor-element elementor-element-a12b2c0 e-con-full e-flex e-con e-parent\" data-id=\"a12b2c0\" data-element_type=\"container\" data-settings=\"{&quot;jet_parallax_layout_list&quot;:[]}\">\n\t\t<div class=\"elementor-element elementor-element-ce555e5 e-con-full e-flex e-con e-child\" data-id=\"ce555e5\" data-element_type=\"container\" data-settings=\"{&quot;jet_parallax_layout_list&quot;:[]}\">\n\t\t\t\t<div class=\"elementor-element elementor-element-29542f7 elementor-widget elementor-widget-image\" data-id=\"29542f7\" data-element_type=\"widget\" data-widget_type=\"image.default\">\n\t\t\t\t<div class=\"elementor-widget-container\">\n\t\t\t\t\t\t\t\t\t\t\t\t\t<img decoding=\"async\" src=\"https:\/\/www.bullseyedistribution.be\/wp-content\/uploads\/elementor\/thumbs\/Still-beelden-2WINE-Photo-Large-35-2-scaled-rm39tu9maq0srsrmo9wrxn5m6a3x6tswc2ggm2vn8w.jpg\" title=\"Still beelden-2WINE Photo Large-35\" alt=\"Still beelden-2WINE Photo Large-35\" loading=\"lazy\" \/>\t\t\t\t\t\t\t\t\t\t\t\t\t<\/div>\n\t\t\t\t<\/div>\n\t\t\t\t<\/div>\n\t\t<div class=\"elementor-element elementor-element-5c67df3 e-con-full e-flex e-con e-child\" data-id=\"5c67df3\" data-element_type=\"container\" data-settings=\"{&quot;jet_parallax_layout_list&quot;:[]}\">\n\t\t\t\t<div class=\"elementor-element elementor-element-fb2972b elementor-widget elementor-widget-image\" data-id=\"fb2972b\" data-element_type=\"widget\" data-widget_type=\"image.default\">\n\t\t\t\t<div class=\"elementor-widget-container\">\n\t\t\t\t\t\t\t\t\t\t\t\t\t<img decoding=\"async\" src=\"https:\/\/www.bullseyedistribution.be\/wp-content\/uploads\/elementor\/thumbs\/Still-beelden-2WINE-Photo-Large-28-2-scaled-rm39t3y4zd0rqptuxyj7ztspjhpn7awewg6v6byo34.jpg\" title=\"Still beelden-2WINE Photo Large-28\" alt=\"Still beelden-2WINE Photo Large-28\" loading=\"lazy\" \/>\t\t\t\t\t\t\t\t\t\t\t\t\t<\/div>\n\t\t\t\t<\/div>\n\t\t\t\t<\/div>\n\t\t<div class=\"elementor-element elementor-element-01452cb e-con-full e-flex e-con e-child\" data-id=\"01452cb\" data-element_type=\"container\" data-settings=\"{&quot;jet_parallax_layout_list&quot;:[]}\">\n\t\t\t\t<div class=\"elementor-element elementor-element-a7ac39f elementor-widget elementor-widget-image\" data-id=\"a7ac39f\" data-element_type=\"widget\" data-widget_type=\"image.default\">\n\t\t\t\t<div class=\"elementor-widget-container\">\n\t\t\t\t\t\t\t\t\t\t\t\t\t<img decoding=\"async\" src=\"https:\/\/www.bullseyedistribution.be\/wp-content\/uploads\/elementor\/thumbs\/Still-beelden-2WINE-Photo-Large-10-2-scaled-rm39rkhns4wupq2exsk8epsihrazl5s90tp7v08wa8.jpg\" title=\"Still beelden-2WINE Photo Large-10\" alt=\"Still beelden-2WINE Photo Large-10\" loading=\"lazy\" \/>\t\t\t\t\t\t\t\t\t\t\t\t\t<\/div>\n\t\t\t\t<\/div>\n\t\t\t\t<\/div>\n\t\t<div class=\"elementor-element elementor-element-ff820ec e-con-full e-flex e-con e-child\" data-id=\"ff820ec\" data-element_type=\"container\" data-settings=\"{&quot;jet_parallax_layout_list&quot;:[]}\">\n\t\t\t\t<div class=\"elementor-element elementor-element-5c2abcd elementor-widget elementor-widget-image\" data-id=\"5c2abcd\" data-element_type=\"widget\" data-widget_type=\"image.default\">\n\t\t\t\t<div class=\"elementor-widget-container\">\n\t\t\t\t\t\t\t\t\t\t\t\t\t<img decoding=\"async\" src=\"https:\/\/www.bullseyedistribution.be\/wp-content\/uploads\/elementor\/thumbs\/Still-beelden-2WINE-Photo-Large-1-2-scaled-rm39r6e2xmdjvkmw84gtvbclkz8hdp89yvwxnutsvk.jpg\" title=\"Still beelden-2WINE Photo Large-1\" alt=\"Still beelden-2WINE Photo Large-1\" loading=\"lazy\" \/>\t\t\t\t\t\t\t\t\t\t\t\t\t<\/div>\n\t\t\t\t<\/div>\n\t\t\t\t<\/div>\n\t\t\t\t<\/div>\n\t\t<div class=\"elementor-element elementor-element-7bd16b3 e-con-full e-flex e-con e-parent\" data-id=\"7bd16b3\" data-element_type=\"container\" data-settings=\"{&quot;jet_parallax_layout_list&quot;:[]}\">\n\t\t<div class=\"elementor-element elementor-element-d4ee82c e-con-full e-flex e-con e-child\" data-id=\"d4ee82c\" data-element_type=\"container\" data-settings=\"{&quot;jet_parallax_layout_list&quot;:[]}\">\n\t\t\t\t<div class=\"elementor-element elementor-element-766a88a elementor-widget elementor-widget-image\" data-id=\"766a88a\" data-element_type=\"widget\" data-widget_type=\"image.default\">\n\t\t\t\t<div class=\"elementor-widget-container\">\n\t\t\t\t\t\t\t\t\t\t\t\t\t<img decoding=\"async\" src=\"https:\/\/www.bullseyedistribution.be\/wp-content\/uploads\/elementor\/thumbs\/Still-beelden-2WINE-Photo-Large-21-2-scaled-rm39snyvr6h63pu7vkcefv5wzbp7o01pk72y4gq974.jpg\" title=\"Still beelden-2WINE Photo Large-21\" alt=\"Still beelden-2WINE Photo Large-21\" loading=\"lazy\" \/>\t\t\t\t\t\t\t\t\t\t\t\t\t<\/div>\n\t\t\t\t<\/div>\n\t\t\t\t<\/div>\n\t\t<div class=\"elementor-element elementor-element-08e428f e-con-full e-flex e-con e-child\" data-id=\"08e428f\" data-element_type=\"container\" data-settings=\"{&quot;jet_parallax_layout_list&quot;:[]}\">\n\t\t<div class=\"elementor-element elementor-element-272ee9e e-flex e-con-boxed e-con e-child\" data-id=\"272ee9e\" data-element_type=\"container\" data-settings=\"{&quot;jet_parallax_layout_list&quot;:[]}\">\n\t\t\t\t\t<div class=\"e-con-inner\">\n\t\t\t\t<div class=\"elementor-element elementor-element-a1a87e9 animated-fast lessbigtitle elementor-invisible elementor-widget elementor-widget-heading\" data-id=\"a1a87e9\" data-element_type=\"widget\" data-settings=\"{&quot;_animation&quot;:&quot;fadeInUp&quot;,&quot;_animation_delay&quot;:150}\" data-widget_type=\"heading.default\">\n\t\t\t\t<div class=\"elementor-widget-container\">\n\t\t\t<h2 class=\"elementor-heading-title elementor-size-default\">2Wine<\/h2>\t\t<\/div>\n\t\t\t\t<\/div>\n\t\t\t\t<div class=\"elementor-element elementor-element-40e510c normaltext animated-fast elementor-invisible elementor-widget elementor-widget-text-editor\" data-id=\"40e510c\" data-element_type=\"widget\" data-settings=\"{&quot;_animation&quot;:&quot;fadeInUp&quot;,&quot;_animation_delay&quot;:200}\" data-widget_type=\"text-editor.default\">\n\t\t\t\t<div class=\"elementor-widget-container\">\n\t\t\t\t\t\t\t<p class=\"p1\">De plus, avec 2Wine, vous optez pour une solution durable : des canettes en aluminium avec consigne, 100 % recyclables. Une mani\u00e8re intelligente et moderne de proposer du vin, parfaitement en phase avec les attentes du consommateur d\u2019aujourd\u2019hui.<\/p>\n\t\t\t\t\t\t<\/div>\n\t\t\t\t<\/div>\n\t\t\t\t<div class=\"elementor-element elementor-element-b9a1073 hover-container4 animated-fast elementor-invisible elementor-widget elementor-widget-button\" data-id=\"b9a1073\" data-element_type=\"widget\" id=\"brands-single-cta\" data-settings=\"{&quot;_animation&quot;:&quot;fadeIn&quot;,&quot;_animation_delay&quot;:200}\" data-widget_type=\"button.default\">\n\t\t\t\t<div class=\"elementor-widget-container\">\n\t\t\t\t\t<div class=\"elementor-button-wrapper\">\n\t\t\t<a class=\"elementor-button elementor-button-link elementor-size-sm\" href=\"https:\/\/www.bullseyedistribution.be\/fr\/contact\/\">\n\t\t\t\t\t\t<span class=\"elementor-button-content-wrapper\">\n\t\t\t\t\t\t\t\t\t<span class=\"elementor-button-text\">Nos marques \u00e0 votre \u00e9v\u00e9nement, bar ou magasin ? Contactez-nous maintenant<\/span>\n\t\t\t\t\t<\/span>\n\t\t\t\t\t<\/a>\n\t\t<\/div>\n\t\t\t\t<\/div>\n\t\t\t\t<\/div>\n\t\t\t\t\t<\/div>\n\t\t\t\t<\/div>\n\t\t\t\t<\/div>\n\t\t\t\t<\/div>\n\t\t\t\t<\/div>\n\t\t","protected":false},"excerpt":{"rendered":"<p>Be Fine, let&rsquo;s wine!&nbsp;&nbsp;&nbsp;&nbsp;&nbsp;&nbsp;&nbsp;&nbsp; Be Fine, let&rsquo;s wine!&nbsp;&nbsp;&nbsp;&nbsp;&nbsp;&nbsp;&nbsp;&nbsp; Be Fine, let&rsquo;s wine!&nbsp;&nbsp;&nbsp;&nbsp;&nbsp;&nbsp;&nbsp;&nbsp; Be Fine, let&rsquo;s wine!&nbsp;&nbsp;&nbsp;&nbsp;&nbsp;&nbsp;&nbsp;&nbsp; Canned wine 2Wine propose du vin en canette parfaitement adapt\u00e9 aux attentes du consommateur d\u2019aujourd\u2019hui : qualitatif, durable et facile \u00e0 utiliser. Les vins fran\u00e7ais et italiens, soigneusement s\u00e9lectionn\u00e9s, sont conditionn\u00e9s dans des canettes \u00e9l\u00e9gantes et pratiques qui prot\u00e8gent [&hellip;]<\/p>\n","protected":false},"author":5,"featured_media":0,"parent":5245,"menu_order":0,"comment_status":"closed","ping_status":"closed","template":"elementor_header_footer","meta":{"footnotes":""},"class_list":["post-8620","page","type-page","status-publish","hentry"],"yoast_head":"<!-- This site is optimized with the Yoast SEO plugin v27.0 - https:\/\/yoast.com\/product\/yoast-seo-wordpress\/ -->\n<title>2Wine - Bullseye Distribution<\/title>\n<meta name=\"description\" content=\"2Wine propose du vin en canette parfaitement adapt\u00e9 aux attentes du consommateur d\u2019aujourd\u2019hui : qualitatif, durable et facile \u00e0 utiliser. Les vins fran\u00e7ais et italiens, soigneusement s\u00e9lectionn\u00e9s, sont conditionn\u00e9s dans des canettes \u00e9l\u00e9gantes et pratiques qui prot\u00e8gent de la lumi\u00e8re et de l\u2019oxyg\u00e8ne, garantissant ainsi une fra\u00eecheur et un \u00e9quilibre constants.\" \/>\n<meta name=\"robots\" content=\"index, follow, max-snippet:-1, max-image-preview:large, max-video-preview:-1\" \/>\n<link rel=\"canonical\" href=\"https:\/\/www.bullseyedistribution.be\/brands\/2wine\/\" \/>\n<meta property=\"og:locale\" content=\"fr_FR\" \/>\n<meta property=\"og:type\" content=\"article\" \/>\n<meta property=\"og:title\" content=\"2Wine - Bullseye Distribution\" \/>\n<meta property=\"og:description\" content=\"2Wine propose du vin en canette parfaitement adapt\u00e9 aux attentes du consommateur d\u2019aujourd\u2019hui : qualitatif, durable et facile \u00e0 utiliser. Les vins fran\u00e7ais et italiens, soigneusement s\u00e9lectionn\u00e9s, sont conditionn\u00e9s dans des canettes \u00e9l\u00e9gantes et pratiques qui prot\u00e8gent de la lumi\u00e8re et de l\u2019oxyg\u00e8ne, garantissant ainsi une fra\u00eecheur et un \u00e9quilibre constants.\" \/>\n<meta property=\"og:url\" content=\"https:\/\/www.bullseyedistribution.be\/brands\/2wine\/\" \/>\n<meta property=\"og:site_name\" content=\"Bullseye Distribution\" \/>\n<meta property=\"article:modified_time\" content=\"2026-04-16T13:27:21+00:00\" \/>\n<meta property=\"og:image\" content=\"https:\/\/www.bullseyedistribution.be\/wp-content\/uploads\/2026\/04\/2Wine-logo-groen-RGB.png\" \/>\n\t<meta property=\"og:image:width\" content=\"1504\" \/>\n\t<meta property=\"og:image:height\" content=\"700\" \/>\n\t<meta property=\"og:image:type\" content=\"image\/png\" \/>\n<meta name=\"twitter:card\" content=\"summary_large_image\" \/>\n<meta name=\"twitter:label1\" content=\"Dur\u00e9e de lecture estim\u00e9e\" \/>\n\t<meta name=\"twitter:data1\" content=\"1 minute\" \/>\n<script type=\"application\/ld+json\" class=\"yoast-schema-graph\">{\"@context\":\"https:\/\/schema.org\",\"@graph\":[{\"@type\":\"WebPage\",\"@id\":\"https:\/\/www.bullseyedistribution.be\/brands\/2wine\/\",\"url\":\"https:\/\/www.bullseyedistribution.be\/brands\/2wine\/\",\"name\":\"2Wine - Bullseye Distribution\",\"isPartOf\":{\"@id\":\"https:\/\/www.bullseyedistribution.be\/#website\"},\"primaryImageOfPage\":{\"@id\":\"https:\/\/www.bullseyedistribution.be\/brands\/2wine\/#primaryimage\"},\"image\":{\"@id\":\"https:\/\/www.bullseyedistribution.be\/brands\/2wine\/#primaryimage\"},\"thumbnailUrl\":\"https:\/\/www.bullseyedistribution.be\/wp-content\/uploads\/2026\/04\/2Wine-logo-groen-RGB-1024x477.png\",\"datePublished\":\"2026-04-16T11:48:22+00:00\",\"dateModified\":\"2026-04-16T13:27:21+00:00\",\"description\":\"2Wine propose du vin en canette parfaitement adapt\u00e9 aux attentes du consommateur d\u2019aujourd\u2019hui : qualitatif, durable et facile \u00e0 utiliser. Les vins fran\u00e7ais et italiens, soigneusement s\u00e9lectionn\u00e9s, sont conditionn\u00e9s dans des canettes \u00e9l\u00e9gantes et pratiques qui prot\u00e8gent de la lumi\u00e8re et de l\u2019oxyg\u00e8ne, garantissant ainsi une fra\u00eecheur et un \u00e9quilibre constants.\",\"breadcrumb\":{\"@id\":\"https:\/\/www.bullseyedistribution.be\/brands\/2wine\/#breadcrumb\"},\"inLanguage\":\"fr-FR\",\"potentialAction\":[{\"@type\":\"ReadAction\",\"target\":[\"https:\/\/www.bullseyedistribution.be\/brands\/2wine\/\"]}]},{\"@type\":\"ImageObject\",\"inLanguage\":\"fr-FR\",\"@id\":\"https:\/\/www.bullseyedistribution.be\/brands\/2wine\/#primaryimage\",\"url\":\"https:\/\/www.bullseyedistribution.be\/wp-content\/uploads\/2026\/04\/2Wine-logo-groen-RGB-1024x477.png\",\"contentUrl\":\"https:\/\/www.bullseyedistribution.be\/wp-content\/uploads\/2026\/04\/2Wine-logo-groen-RGB-1024x477.png\"},{\"@type\":\"BreadcrumbList\",\"@id\":\"https:\/\/www.bullseyedistribution.be\/brands\/2wine\/#breadcrumb\",\"itemListElement\":[{\"@type\":\"ListItem\",\"position\":1,\"name\":\"Home\",\"item\":\"https:\/\/www.bullseyedistribution.be\/\"},{\"@type\":\"ListItem\",\"position\":2,\"name\":\"Marques\",\"item\":\"https:\/\/www.bullseyedistribution.be\/brands\/\"},{\"@type\":\"ListItem\",\"position\":3,\"name\":\"2Wine\"}]},{\"@type\":\"WebSite\",\"@id\":\"https:\/\/www.bullseyedistribution.be\/#website\",\"url\":\"https:\/\/www.bullseyedistribution.be\/\",\"name\":\"Bullseye Distribution\",\"description\":\"\",\"potentialAction\":[{\"@type\":\"SearchAction\",\"target\":{\"@type\":\"EntryPoint\",\"urlTemplate\":\"https:\/\/www.bullseyedistribution.be\/?s={search_term_string}\"},\"query-input\":{\"@type\":\"PropertyValueSpecification\",\"valueRequired\":true,\"valueName\":\"search_term_string\"}}],\"inLanguage\":\"fr-FR\"}]}<\/script>\n<!-- \/ Yoast SEO plugin. -->","yoast_head_json":{"title":"2Wine - Bullseye Distribution","description":"2Wine propose du vin en canette parfaitement adapt\u00e9 aux attentes du consommateur d\u2019aujourd\u2019hui : qualitatif, durable et facile \u00e0 utiliser. Les vins fran\u00e7ais et italiens, soigneusement s\u00e9lectionn\u00e9s, sont conditionn\u00e9s dans des canettes \u00e9l\u00e9gantes et pratiques qui prot\u00e8gent de la lumi\u00e8re et de l\u2019oxyg\u00e8ne, garantissant ainsi une fra\u00eecheur et un \u00e9quilibre constants.","robots":{"index":"index","follow":"follow","max-snippet":"max-snippet:-1","max-image-preview":"max-image-preview:large","max-video-preview":"max-video-preview:-1"},"canonical":"https:\/\/www.bullseyedistribution.be\/brands\/2wine\/","og_locale":"fr_FR","og_type":"article","og_title":"2Wine - Bullseye Distribution","og_description":"2Wine propose du vin en canette parfaitement adapt\u00e9 aux attentes du consommateur d\u2019aujourd\u2019hui : qualitatif, durable et facile \u00e0 utiliser. Les vins fran\u00e7ais et italiens, soigneusement s\u00e9lectionn\u00e9s, sont conditionn\u00e9s dans des canettes \u00e9l\u00e9gantes et pratiques qui prot\u00e8gent de la lumi\u00e8re et de l\u2019oxyg\u00e8ne, garantissant ainsi une fra\u00eecheur et un \u00e9quilibre constants.","og_url":"https:\/\/www.bullseyedistribution.be\/brands\/2wine\/","og_site_name":"Bullseye Distribution","article_modified_time":"2026-04-16T13:27:21+00:00","og_image":[{"width":1504,"height":700,"url":"https:\/\/www.bullseyedistribution.be\/wp-content\/uploads\/2026\/04\/2Wine-logo-groen-RGB.png","type":"image\/png"}],"twitter_card":"summary_large_image","twitter_misc":{"Dur\u00e9e de lecture estim\u00e9e":"1 minute"},"schema":{"@context":"https:\/\/schema.org","@graph":[{"@type":"WebPage","@id":"https:\/\/www.bullseyedistribution.be\/brands\/2wine\/","url":"https:\/\/www.bullseyedistribution.be\/brands\/2wine\/","name":"2Wine - Bullseye Distribution","isPartOf":{"@id":"https:\/\/www.bullseyedistribution.be\/#website"},"primaryImageOfPage":{"@id":"https:\/\/www.bullseyedistribution.be\/brands\/2wine\/#primaryimage"},"image":{"@id":"https:\/\/www.bullseyedistribution.be\/brands\/2wine\/#primaryimage"},"thumbnailUrl":"https:\/\/www.bullseyedistribution.be\/wp-content\/uploads\/2026\/04\/2Wine-logo-groen-RGB-1024x477.png","datePublished":"2026-04-16T11:48:22+00:00","dateModified":"2026-04-16T13:27:21+00:00","description":"2Wine propose du vin en canette parfaitement adapt\u00e9 aux attentes du consommateur d\u2019aujourd\u2019hui : qualitatif, durable et facile \u00e0 utiliser. Les vins fran\u00e7ais et italiens, soigneusement s\u00e9lectionn\u00e9s, sont conditionn\u00e9s dans des canettes \u00e9l\u00e9gantes et pratiques qui prot\u00e8gent de la lumi\u00e8re et de l\u2019oxyg\u00e8ne, garantissant ainsi une fra\u00eecheur et un \u00e9quilibre constants.","breadcrumb":{"@id":"https:\/\/www.bullseyedistribution.be\/brands\/2wine\/#breadcrumb"},"inLanguage":"fr-FR","potentialAction":[{"@type":"ReadAction","target":["https:\/\/www.bullseyedistribution.be\/brands\/2wine\/"]}]},{"@type":"ImageObject","inLanguage":"fr-FR","@id":"https:\/\/www.bullseyedistribution.be\/brands\/2wine\/#primaryimage","url":"https:\/\/www.bullseyedistribution.be\/wp-content\/uploads\/2026\/04\/2Wine-logo-groen-RGB-1024x477.png","contentUrl":"https:\/\/www.bullseyedistribution.be\/wp-content\/uploads\/2026\/04\/2Wine-logo-groen-RGB-1024x477.png"},{"@type":"BreadcrumbList","@id":"https:\/\/www.bullseyedistribution.be\/brands\/2wine\/#breadcrumb","itemListElement":[{"@type":"ListItem","position":1,"name":"Home","item":"https:\/\/www.bullseyedistribution.be\/"},{"@type":"ListItem","position":2,"name":"Marques","item":"https:\/\/www.bullseyedistribution.be\/brands\/"},{"@type":"ListItem","position":3,"name":"2Wine"}]},{"@type":"WebSite","@id":"https:\/\/www.bullseyedistribution.be\/#website","url":"https:\/\/www.bullseyedistribution.be\/","name":"Bullseye Distribution","description":"","potentialAction":[{"@type":"SearchAction","target":{"@type":"EntryPoint","urlTemplate":"https:\/\/www.bullseyedistribution.be\/?s={search_term_string}"},"query-input":{"@type":"PropertyValueSpecification","valueRequired":true,"valueName":"search_term_string"}}],"inLanguage":"fr-FR"}]}},"_links":{"self":[{"href":"https:\/\/www.bullseyedistribution.be\/fr\/wp-json\/wp\/v2\/pages\/8620","targetHints":{"allow":["GET"]}}],"collection":[{"href":"https:\/\/www.bullseyedistribution.be\/fr\/wp-json\/wp\/v2\/pages"}],"about":[{"href":"https:\/\/www.bullseyedistribution.be\/fr\/wp-json\/wp\/v2\/types\/page"}],"author":[{"embeddable":true,"href":"https:\/\/www.bullseyedistribution.be\/fr\/wp-json\/wp\/v2\/users\/5"}],"replies":[{"embeddable":true,"href":"https:\/\/www.bullseyedistribution.be\/fr\/wp-json\/wp\/v2\/comments?post=8620"}],"version-history":[{"count":1,"href":"https:\/\/www.bullseyedistribution.be\/fr\/wp-json\/wp\/v2\/pages\/8620\/revisions"}],"predecessor-version":[{"id":8621,"href":"https:\/\/www.bullseyedistribution.be\/fr\/wp-json\/wp\/v2\/pages\/8620\/revisions\/8621"}],"up":[{"embeddable":true,"href":"https:\/\/www.bullseyedistribution.be\/fr\/wp-json\/wp\/v2\/pages\/5245"}],"wp:attachment":[{"href":"https:\/\/www.bullseyedistribution.be\/fr\/wp-json\/wp\/v2\/media?parent=8620"}],"curies":[{"name":"wp","href":"https:\/\/api.w.org\/{rel}","templated":true}]}}